{"id":36,"date":"2019-01-31T10:43:39","date_gmt":"2019-01-31T10:43:39","guid":{"rendered":"http:\/\/kaiman-mode.de\/?page_id=36"},"modified":"2025-10-13T16:13:47","modified_gmt":"2025-10-13T16:13:47","slug":"ueber-uns","status":"publish","type":"page","link":"https:\/\/kaiman-mode.de\/unsere-modewelt\/ueber-uns\/","title":{"rendered":"\u00dcber uns"},"content":{"rendered":"\t\t<div data-elementor-type=\"wp-post\" data-elementor-id=\"36\" class=\"elementor elementor-36\">\n\t\t\t\t\t\t<section class=\"elementor-section elementor-top-section elementor-element elementor-element-d62e031 elementor-section-stretched elementor-section-boxed elementor-section-height-default elementor-section-height-default\" data-id=\"d62e031\" data-element_type=\"section\" data-e-type=\"section\" data-settings=\"{&quot;stretch_section&quot;:&quot;section-stretched&quot;}\">\n\t\t\t\t\t\t<div class=\"elementor-container elementor-column-gap-wider\">\n\t\t\t\t\t<div class=\"elementor-column elementor-col-100 elementor-top-column elementor-element elementor-element-aa309d4\" data-id=\"aa309d4\" data-element_type=\"column\" data-e-type=\"column\">\n\t\t\t<div class=\"elementor-widget-wrap elementor-element-populated\">\n\t\t\t\t\t\t<div class=\"elementor-element elementor-element-7e0b14d elementor-widget elementor-widget-heading\" data-id=\"7e0b14d\" data-element_type=\"widget\" data-e-type=\"widget\" data-widget_type=\"heading.default\">\n\t\t\t\t<div class=\"elementor-widget-container\">\n\t\t\t\t\t<p class=\"elementor-heading-title elementor-size-default\">\u00dcber uns <\/p>\t\t\t\t<\/div>\n\t\t\t\t<\/div>\n\t\t\t\t<div class=\"elementor-element elementor-element-82bdcfc elementor-widget elementor-widget-image\" data-id=\"82bdcfc\" data-element_type=\"widget\" data-e-type=\"widget\" data-widget_type=\"image.default\">\n\t\t\t\t<div class=\"elementor-widget-container\">\n\t\t\t\t\t\t\t\t\t\t\t\t\t\t\t<img fetchpriority=\"high\" decoding=\"async\" width=\"720\" height=\"344\" src=\"https:\/\/kaiman-mode.de\/wp-content\/uploads\/2019\/02\/Logo-KAIMAN_mit-Hintergrund-mit-Schriftzug-kleiner.png\" class=\"attachment-large size-large wp-image-143\" alt=\"\" srcset=\"https:\/\/kaiman-mode.de\/wp-content\/uploads\/2019\/02\/Logo-KAIMAN_mit-Hintergrund-mit-Schriftzug-kleiner.png 1020w, https:\/\/kaiman-mode.de\/wp-content\/uploads\/2019\/02\/Logo-KAIMAN_mit-Hintergrund-mit-Schriftzug-kleiner-600x286.png 600w, https:\/\/kaiman-mode.de\/wp-content\/uploads\/2019\/02\/Logo-KAIMAN_mit-Hintergrund-mit-Schriftzug-kleiner-300x143.png 300w, https:\/\/kaiman-mode.de\/wp-content\/uploads\/2019\/02\/Logo-KAIMAN_mit-Hintergrund-mit-Schriftzug-kleiner-768x367.png 768w\" sizes=\"(max-width: 720px) 100vw, 720px\" \/>\t\t\t\t\t\t\t\t\t\t\t\t\t\t\t<\/div>\n\t\t\t\t<\/div>\n\t\t\t\t<div class=\"elementor-element elementor-element-0ec89ed elementor-widget elementor-widget-text-editor\" data-id=\"0ec89ed\" data-element_type=\"widget\" data-e-type=\"widget\" data-widget_type=\"text-editor.default\">\n\t\t\t\t<div class=\"elementor-widget-container\">\n\t\t\t\t\t\t\t\t\t<h2>\u00dcber uns &#8211; Wir stellen uns vor<\/h2>\n<div>&nbsp;<\/div>\n<h2>Warum ausgerechnet KAIMAN?<\/h2>\n<div>&nbsp;<\/div>\n<div>\n<p>Andrea Srowig begleitete ihren Mann zur Raumfahrstartbasis nach franz\u00f6sisch Guayana. Die dort lebenden Krokodilgattung &#8222;Kaiman&#8220; beeindruckte sie und kurzerhand wurde das in 1991 gegr\u00fcndete Unternehmen nach ihnen benannt.<\/p>\n<p>Wo finden Sie uns?&nbsp;<\/p>\n<p>2016 zog das Gesch\u00e4ft KAIMAN von der Marterburg im Bremer Schnoor in die Ostertorstra\u00dfe 38\/39 in der N\u00e4he der Kunsthalle in Bremen. Dort begr\u00fc\u00dfen wir Sie gerne.&nbsp;<\/p>\n<p><span style=\"font-size: 18px;\">&nbsp;<\/span><\/p><\/div>\n<p>Genie\u00dfen Sie Mode in verf\u00fchrerischen und atemberaubenden Design jeden Tag und jeden Moment.&nbsp;<\/p>\t\t\t\t\t\t\t\t<\/div>\n\t\t\t\t<\/div>\n\t\t\t\t\t<\/div>\n\t\t<\/div>\n\t\t\t\t\t<\/div>\n\t\t<\/section>\n\t\t\t\t<section class=\"elementor-section elementor-top-section elementor-element elementor-element-9831948 elementor-section-stretched elementor-section-boxed elementor-section-height-default elementor-section-height-default\" data-id=\"9831948\" data-element_type=\"section\" data-e-type=\"section\" data-settings=\"{&quot;stretch_section&quot;:&quot;section-stretched&quot;}\">\n\t\t\t\t\t\t<div class=\"elementor-container elementor-column-gap-default\">\n\t\t\t\t\t<div class=\"elementor-column elementor-col-100 elementor-top-column elementor-element elementor-element-3780438\" data-id=\"3780438\" data-element_type=\"column\" data-e-type=\"column\">\n\t\t\t<div class=\"elementor-widget-wrap elementor-element-populated\">\n\t\t\t\t\t\t<div class=\"elementor-element elementor-element-528ef3f elementor-widget elementor-widget-image\" data-id=\"528ef3f\" data-element_type=\"widget\" data-e-type=\"widget\" data-widget_type=\"image.default\">\n\t\t\t\t<div class=\"elementor-widget-container\">\n\t\t\t\t\t\t\t\t\t\t\t\t\t\t\t<img decoding=\"async\" src=\"https:\/\/kaiman-mode.de\/wp-content\/uploads\/2020\/10\/Visitenkarte-KAIMAN-scaled.jpg\" title=\"\" alt=\"\" loading=\"lazy\" \/>\t\t\t\t\t\t\t\t\t\t\t\t\t\t\t<\/div>\n\t\t\t\t<\/div>\n\t\t\t\t\t<\/div>\n\t\t<\/div>\n\t\t\t\t\t<\/div>\n\t\t<\/section>\n\t\t\t\t<section class=\"elementor-section elementor-top-section elementor-element elementor-element-116a4d6 elementor-section-stretched elementor-section-boxed elementor-section-height-default elementor-section-height-default\" data-id=\"116a4d6\" data-element_type=\"section\" data-e-type=\"section\" data-settings=\"{&quot;background_background&quot;:&quot;classic&quot;,&quot;stretch_section&quot;:&quot;section-stretched&quot;}\">\n\t\t\t\t\t\t<div class=\"elementor-container elementor-column-gap-default\">\n\t\t\t\t\t<div class=\"elementor-column elementor-col-100 elementor-top-column elementor-element elementor-element-27ea792\" data-id=\"27ea792\" data-element_type=\"column\" data-e-type=\"column\">\n\t\t\t<div class=\"elementor-widget-wrap elementor-element-populated\">\n\t\t\t\t\t\t<section class=\"elementor-section elementor-inner-section elementor-element elementor-element-9e370cd elementor-section-content-middle elementor-section-full_width elementor-section-height-default elementor-section-height-default\" data-id=\"9e370cd\" data-element_type=\"section\" data-e-type=\"section\" data-settings=\"{&quot;background_background&quot;:&quot;classic&quot;}\">\n\t\t\t\t\t\t<div class=\"elementor-container elementor-column-gap-wider\">\n\t\t\t\t\t<div class=\"elementor-column elementor-col-50 elementor-inner-column elementor-element elementor-element-5471403\" data-id=\"5471403\" data-element_type=\"column\" data-e-type=\"column\" data-settings=\"{&quot;background_background&quot;:&quot;classic&quot;}\">\n\t\t\t<div class=\"elementor-widget-wrap elementor-element-populated\">\n\t\t\t\t\t\t<div class=\"elementor-element elementor-element-f406107 elementor-widget elementor-widget-heading\" data-id=\"f406107\" data-element_type=\"widget\" data-e-type=\"widget\" data-widget_type=\"heading.default\">\n\t\t\t\t<div class=\"elementor-widget-container\">\n\t\t\t\t\t<h3 class=\"elementor-heading-title elementor-size-large\">Design &amp; <br>    Stoffe  <\/h3>\t\t\t\t<\/div>\n\t\t\t\t<\/div>\n\t\t\t\t<div class=\"elementor-element elementor-element-ae99d28 elementor-widget elementor-widget-spacer\" data-id=\"ae99d28\" data-element_type=\"widget\" data-e-type=\"widget\" data-widget_type=\"spacer.default\">\n\t\t\t\t<div class=\"elementor-widget-container\">\n\t\t\t\t\t\t\t<div class=\"elementor-spacer\">\n\t\t\t<div class=\"elementor-spacer-inner\"><\/div>\n\t\t<\/div>\n\t\t\t\t\t\t<\/div>\n\t\t\t\t<\/div>\n\t\t\t\t<div class=\"elementor-element elementor-element-7c262ec elementor-widget elementor-widget-text-editor\" data-id=\"7c262ec\" data-element_type=\"widget\" data-e-type=\"widget\" data-widget_type=\"text-editor.default\">\n\t\t\t\t<div class=\"elementor-widget-container\">\n\t\t\t\t\t\t\t\t\t<p><span style=\"color: #ffffff; font-family: Poppins, sans-serif; font-size: 15px; font-style: normal; font-variant-ligatures: normal; font-variant-caps: normal; font-weight: 100; letter-spacing: 1px; text-align: center; white-space: pre-wrap;\">Wir verwenden hochwertige, verf\u00fchrerische Materialien in schlichtem Design oder auch in blumigen und aufwendigen Mustern.<\/span><br style=\"color: #ffffff; font-family: Poppins, sans-serif; letter-spacing: 1px; text-align: center; white-space: pre-wrap;\" \/><br style=\"color: #ffffff; font-family: Poppins, sans-serif; letter-spacing: 1px; text-align: center; white-space: pre-wrap;\" \/><span style=\"color: #ffffff; font-family: Poppins, sans-serif; font-size: 15px; font-style: normal; font-variant-ligatures: normal; font-variant-caps: normal; font-weight: 100; letter-spacing: 1px; text-align: center; white-space: pre-wrap;\">Unsere Materialien reichen von Alpaka, Bambus, Seide und Kaschmir \u00fcber Viskose, Schurwolle und Wolle oder auch feine synthetische Materialien f\u00fcr empfindliche Haut. <\/span><br style=\"color: #ffffff; font-family: Poppins, sans-serif; letter-spacing: 1px; text-align: center; white-space: pre-wrap;\" \/><br style=\"color: #ffffff; font-family: Poppins, sans-serif; letter-spacing: 1px; text-align: center; white-space: pre-wrap;\" \/><span style=\"color: #ffffff; font-family: Poppins, sans-serif; font-size: 15px; font-style: normal; font-variant-ligatures: normal; font-variant-caps: normal; font-weight: 100; letter-spacing: 1px; text-align: center; white-space: pre-wrap;\">Fragen Sie im Gesch\u00e4ft in Bremen nach unserem reichhaltigen Angebot an Farben und verschiedensten Stoffmaterialien. Lassen Sie sich \u00fcberraschen!<\/span><\/p><p><span style=\"color: #ffffff; font-family: Poppins, sans-serif; font-size: 15px; font-style: normal; font-variant-ligatures: normal; font-variant-caps: normal; font-weight: 100; letter-spacing: 1px; text-align: center; white-space: pre-wrap;\">\u00a0<\/span><\/p>\t\t\t\t\t\t\t\t<\/div>\n\t\t\t\t<\/div>\n\t\t\t\t\t<\/div>\n\t\t<\/div>\n\t\t\t\t<div class=\"elementor-column elementor-col-50 elementor-inner-column elementor-element elementor-element-98b927c\" data-id=\"98b927c\" data-element_type=\"column\" data-e-type=\"column\" data-settings=\"{&quot;background_background&quot;:&quot;classic&quot;}\">\n\t\t\t<div class=\"elementor-widget-wrap elementor-element-populated\">\n\t\t\t\t\t\t<div class=\"elementor-element elementor-element-0469e22 elementor-widget elementor-widget-heading\" data-id=\"0469e22\" data-element_type=\"widget\" data-e-type=\"widget\" data-widget_type=\"heading.default\">\n\t\t\t\t<div class=\"elementor-widget-container\">\n\t\t\t\t\t<h3 class=\"elementor-heading-title elementor-size-large\">Anfertigung &amp;<br>Anpassung<\/h3>\t\t\t\t<\/div>\n\t\t\t\t<\/div>\n\t\t\t\t<div class=\"elementor-element elementor-element-98a00de elementor-widget elementor-widget-spacer\" data-id=\"98a00de\" data-element_type=\"widget\" data-e-type=\"widget\" data-widget_type=\"spacer.default\">\n\t\t\t\t<div class=\"elementor-widget-container\">\n\t\t\t\t\t\t\t<div class=\"elementor-spacer\">\n\t\t\t<div class=\"elementor-spacer-inner\"><\/div>\n\t\t<\/div>\n\t\t\t\t\t\t<\/div>\n\t\t\t\t<\/div>\n\t\t\t\t<div class=\"elementor-element elementor-element-b80aadf elementor-widget elementor-widget-text-editor\" data-id=\"b80aadf\" data-element_type=\"widget\" data-e-type=\"widget\" data-widget_type=\"text-editor.default\">\n\t\t\t\t<div class=\"elementor-widget-container\">\n\t\t\t\t\t\t\t\t\t<p><span style=\"color: #ffffff; font-family: Poppins, sans-serif; font-size: 15px; font-style: normal; font-variant-ligatures: normal; font-variant-caps: normal; font-weight: 100; letter-spacing: 1px; text-align: center; white-space: pre-wrap;\">Sie finden keine Kleidung die zu Ihrer Figur passt? Jedes gekaufte Teil kneift, zwickt oder schl\u00e4gt Falten?<\/span><\/p><p><span style=\"color: #ffffff; font-family: Poppins, sans-serif; font-size: 15px; font-style: normal; font-variant-ligatures: normal; font-variant-caps: normal; font-weight: 100; letter-spacing: 1px; text-align: center; white-space: pre-wrap;\"> Suchen Sie sich bei uns in Bremen Ihr neues Lieblingsst\u00fcck aus und wir passen es f\u00fcr Sie an! <\/span><br style=\"color: #ffffff; font-family: Poppins, sans-serif; letter-spacing: 1px; text-align: center; white-space: pre-wrap;\" \/><br style=\"color: #ffffff; font-family: Poppins, sans-serif; letter-spacing: 1px; text-align: center; white-space: pre-wrap;\" \/><span style=\"color: #ffffff; font-family: Poppins, sans-serif; font-size: 15px; font-style: normal; font-variant-ligatures: normal; font-variant-caps: normal; font-weight: 100; letter-spacing: 1px; text-align: center; white-space: pre-wrap;\"> Ihr Kleidungsst\u00fcck ist nicht in der gew\u00fcnschten Gr\u00f6\u00dfe vorhanden oder sie m\u00f6chten das sch\u00f6ne St\u00fcck in Ihrer Lieblingsfarbe?<\/span><\/p><p><span style=\"color: #ffffff; font-family: Poppins, sans-serif; font-size: 15px; font-style: normal; font-variant-ligatures: normal; font-variant-caps: normal; font-weight: 100; letter-spacing: 1px; text-align: center; white-space: pre-wrap;\">Kein Problem<\/span><span style=\"color: #ffffff; font-family: Poppins, sans-serif; font-size: 15px; font-style: normal; font-variant-ligatures: normal; font-variant-caps: normal; font-weight: 100; letter-spacing: 1px; white-space: pre-wrap;\"> Sprechen Sie uns an und gemeinsam finden wir eine L\u00f6sung.<\/span><\/p><p>\u00a0<\/p>\t\t\t\t\t\t\t\t<\/div>\n\t\t\t\t<\/div>\n\t\t\t\t\t<\/div>\n\t\t<\/div>\n\t\t\t\t\t<\/div>\n\t\t<\/section>\n\t\t\t\t<div class=\"elementor-element elementor-element-0e19988 elementor-align-center elementor-widget elementor-widget-button\" data-id=\"0e19988\" data-element_type=\"widget\" data-e-type=\"widget\" data-widget_type=\"button.default\">\n\t\t\t\t<div class=\"elementor-widget-container\">\n\t\t\t\t\t\t\t\t\t<div class=\"elementor-button-wrapper\">\n\t\t\t\t\t<a class=\"elementor-button elementor-button-link elementor-size-lg\" href=\"http:\/\/kaiman-mode.de\/kontakt\/\">\n\t\t\t\t\t\t<span class=\"elementor-button-content-wrapper\">\n\t\t\t\t\t\t\t\t\t<span class=\"elementor-button-text\">KonTakt<\/span>\n\t\t\t\t\t<\/span>\n\t\t\t\t\t<\/a>\n\t\t\t\t<\/div>\n\t\t\t\t\t\t\t\t<\/div>\n\t\t\t\t<\/div>\n\t\t\t\t<div class=\"elementor-element elementor-element-4ca53f9 elementor-widget elementor-widget-image\" data-id=\"4ca53f9\" data-element_type=\"widget\" data-e-type=\"widget\" data-widget_type=\"image.default\">\n\t\t\t\t<div class=\"elementor-widget-container\">\n\t\t\t\t\t\t\t\t\t\t\t\t\t\t\t<img decoding=\"async\" width=\"150\" height=\"32\" src=\"https:\/\/kaiman-mode.de\/wp-content\/uploads\/2019\/02\/KAIMAN_Logo_2-e1549966200216.png\" class=\"attachment-large size-large wp-image-150\" alt=\"\" \/>\t\t\t\t\t\t\t\t\t\t\t\t\t\t\t<\/div>\n\t\t\t\t<\/div>\n\t\t\t\t\t<\/div>\n\t\t<\/div>\n\t\t\t\t\t<\/div>\n\t\t<\/section>\n\t\t\t\t<section class=\"elementor-section elementor-top-section elementor-element elementor-element-2dd0e7b elementor-section-boxed elementor-section-height-default elementor-section-height-default\" data-id=\"2dd0e7b\" data-element_type=\"section\" data-e-type=\"section\">\n\t\t\t\t\t\t<div class=\"elementor-container elementor-column-gap-default\">\n\t\t\t\t\t<div class=\"elementor-column elementor-col-100 elementor-top-column elementor-element elementor-element-60724f5\" data-id=\"60724f5\" data-element_type=\"column\" data-e-type=\"column\">\n\t\t\t<div class=\"elementor-widget-wrap\">\n\t\t\t\t\t\t\t<\/div>\n\t\t<\/div>\n\t\t\t\t\t<\/div>\n\t\t<\/section>\n\t\t\t\t<\/div>\n\t\t","protected":false},"excerpt":{"rendered":"<p>\u00dcber uns \u00dcber uns &#8211; Wir stellen uns vor &nbsp; Warum ausgerechnet KAIMAN? &nbsp; Andrea Srowig begleitete ihren Mann zur Raumfahrstartbasis nach franz\u00f6sisch Guayana. Die dort lebenden Krokodilgattung &#8222;Kaiman&#8220; beeindruckte sie und kurzerhand wurde das in 1991 gegr\u00fcndete Unternehmen nach ihnen benannt. Wo finden Sie uns?&nbsp; 2016 zog das Gesch\u00e4ft KAIMAN von der Marterburg im [&hellip;]<\/p>\n","protected":false},"author":1,"featured_media":0,"parent":0,"menu_order":0,"comment_status":"closed","ping_status":"closed","template":"","meta":{"footnotes":""},"class_list":["post-36","page","type-page","status-publish","hentry","post"],"yoast_head":"<!-- This site is optimized with the Yoast SEO plugin v27.4 - https:\/\/yoast.com\/product\/yoast-seo-wordpress\/ -->\n<title>\u00dcber uns - KAIMAN<\/title>\n<meta name=\"robots\" content=\"index, follow, max-snippet:-1, max-image-preview:large, max-video-preview:-1\" \/>\n<link rel=\"canonical\" href=\"https:\/\/kaiman-mode.de\/unsere-modewelt\/ueber-uns\/\" \/>\n<meta property=\"og:locale\" content=\"de_DE\" \/>\n<meta property=\"og:type\" content=\"article\" \/>\n<meta property=\"og:title\" content=\"\u00dcber uns - KAIMAN\" \/>\n<meta property=\"og:description\" content=\"\u00dcber uns \u00dcber uns &#8211; Wir stellen uns vor &nbsp; Warum ausgerechnet KAIMAN? &nbsp; Andrea Srowig begleitete ihren Mann zur Raumfahrstartbasis nach franz\u00f6sisch Guayana. Die dort lebenden Krokodilgattung &#8222;Kaiman&#8220; beeindruckte sie und kurzerhand wurde das in 1991 gegr\u00fcndete Unternehmen nach ihnen benannt. Wo finden Sie uns?&nbsp; 2016 zog das Gesch\u00e4ft KAIMAN von der Marterburg im [&hellip;]\" \/>\n<meta property=\"og:url\" content=\"https:\/\/kaiman-mode.de\/unsere-modewelt\/ueber-uns\/\" \/>\n<meta property=\"og:site_name\" content=\"KAIMAN\" \/>\n<meta property=\"article:modified_time\" content=\"2025-10-13T16:13:47+00:00\" \/>\n<meta property=\"og:image\" content=\"https:\/\/kaiman-mode.de\/wp-content\/uploads\/2019\/02\/Logo-KAIMAN_mit-Hintergrund-mit-Schriftzug-kleiner.png\" \/>\n\t<meta property=\"og:image:width\" content=\"1020\" \/>\n\t<meta property=\"og:image:height\" content=\"487\" \/>\n\t<meta property=\"og:image:type\" content=\"image\/png\" \/>\n<meta name=\"twitter:card\" content=\"summary_large_image\" \/>\n<meta name=\"twitter:label1\" content=\"Gesch\u00e4tzte Lesezeit\" \/>\n\t<meta name=\"twitter:data1\" content=\"2\u00a0Minuten\" \/>\n<script type=\"application\/ld+json\" class=\"yoast-schema-graph\">{\"@context\":\"https:\\\/\\\/schema.org\",\"@graph\":[{\"@type\":\"WebPage\",\"@id\":\"https:\\\/\\\/kaiman-mode.de\\\/unsere-modewelt\\\/ueber-uns\\\/\",\"url\":\"https:\\\/\\\/kaiman-mode.de\\\/unsere-modewelt\\\/ueber-uns\\\/\",\"name\":\"\u00dcber uns - KAIMAN\",\"isPartOf\":{\"@id\":\"https:\\\/\\\/kaiman-mode.de\\\/unsere-modewelt\\\/#website\"},\"primaryImageOfPage\":{\"@id\":\"https:\\\/\\\/kaiman-mode.de\\\/unsere-modewelt\\\/ueber-uns\\\/#primaryimage\"},\"image\":{\"@id\":\"https:\\\/\\\/kaiman-mode.de\\\/unsere-modewelt\\\/ueber-uns\\\/#primaryimage\"},\"thumbnailUrl\":\"https:\\\/\\\/kaiman-mode.de\\\/wp-content\\\/uploads\\\/2019\\\/02\\\/Logo-KAIMAN_mit-Hintergrund-mit-Schriftzug-kleiner.png\",\"datePublished\":\"2019-01-31T10:43:39+00:00\",\"dateModified\":\"2025-10-13T16:13:47+00:00\",\"breadcrumb\":{\"@id\":\"https:\\\/\\\/kaiman-mode.de\\\/unsere-modewelt\\\/ueber-uns\\\/#breadcrumb\"},\"inLanguage\":\"de\",\"potentialAction\":[{\"@type\":\"ReadAction\",\"target\":[\"https:\\\/\\\/kaiman-mode.de\\\/unsere-modewelt\\\/ueber-uns\\\/\"]}]},{\"@type\":\"ImageObject\",\"inLanguage\":\"de\",\"@id\":\"https:\\\/\\\/kaiman-mode.de\\\/unsere-modewelt\\\/ueber-uns\\\/#primaryimage\",\"url\":\"https:\\\/\\\/kaiman-mode.de\\\/wp-content\\\/uploads\\\/2019\\\/02\\\/Logo-KAIMAN_mit-Hintergrund-mit-Schriftzug-kleiner.png\",\"contentUrl\":\"https:\\\/\\\/kaiman-mode.de\\\/wp-content\\\/uploads\\\/2019\\\/02\\\/Logo-KAIMAN_mit-Hintergrund-mit-Schriftzug-kleiner.png\"},{\"@type\":\"BreadcrumbList\",\"@id\":\"https:\\\/\\\/kaiman-mode.de\\\/unsere-modewelt\\\/ueber-uns\\\/#breadcrumb\",\"itemListElement\":[{\"@type\":\"ListItem\",\"position\":1,\"name\":\"Startseite\",\"item\":\"https:\\\/\\\/kaiman-mode.de\\\/unsere-modewelt\\\/\"},{\"@type\":\"ListItem\",\"position\":2,\"name\":\"\u00dcber uns\"}]},{\"@type\":\"WebSite\",\"@id\":\"https:\\\/\\\/kaiman-mode.de\\\/unsere-modewelt\\\/#website\",\"url\":\"https:\\\/\\\/kaiman-mode.de\\\/unsere-modewelt\\\/\",\"name\":\"KAIMAN\",\"description\":\"Entdecken Sie unsere Modewelt!\",\"potentialAction\":[{\"@type\":\"SearchAction\",\"target\":{\"@type\":\"EntryPoint\",\"urlTemplate\":\"https:\\\/\\\/kaiman-mode.de\\\/unsere-modewelt\\\/?s={search_term_string}\"},\"query-input\":{\"@type\":\"PropertyValueSpecification\",\"valueRequired\":true,\"valueName\":\"search_term_string\"}}],\"inLanguage\":\"de\"}]}<\/script>\n<!-- \/ Yoast SEO plugin. -->","yoast_head_json":{"title":"\u00dcber uns - KAIMAN","robots":{"index":"index","follow":"follow","max-snippet":"max-snippet:-1","max-image-preview":"max-image-preview:large","max-video-preview":"max-video-preview:-1"},"canonical":"https:\/\/kaiman-mode.de\/unsere-modewelt\/ueber-uns\/","og_locale":"de_DE","og_type":"article","og_title":"\u00dcber uns - KAIMAN","og_description":"\u00dcber uns \u00dcber uns &#8211; Wir stellen uns vor &nbsp; Warum ausgerechnet KAIMAN? &nbsp; Andrea Srowig begleitete ihren Mann zur Raumfahrstartbasis nach franz\u00f6sisch Guayana. Die dort lebenden Krokodilgattung &#8222;Kaiman&#8220; beeindruckte sie und kurzerhand wurde das in 1991 gegr\u00fcndete Unternehmen nach ihnen benannt. Wo finden Sie uns?&nbsp; 2016 zog das Gesch\u00e4ft KAIMAN von der Marterburg im [&hellip;]","og_url":"https:\/\/kaiman-mode.de\/unsere-modewelt\/ueber-uns\/","og_site_name":"KAIMAN","article_modified_time":"2025-10-13T16:13:47+00:00","og_image":[{"width":1020,"height":487,"url":"https:\/\/kaiman-mode.de\/wp-content\/uploads\/2019\/02\/Logo-KAIMAN_mit-Hintergrund-mit-Schriftzug-kleiner.png","type":"image\/png"}],"twitter_card":"summary_large_image","twitter_misc":{"Gesch\u00e4tzte Lesezeit":"2\u00a0Minuten"},"schema":{"@context":"https:\/\/schema.org","@graph":[{"@type":"WebPage","@id":"https:\/\/kaiman-mode.de\/unsere-modewelt\/ueber-uns\/","url":"https:\/\/kaiman-mode.de\/unsere-modewelt\/ueber-uns\/","name":"\u00dcber uns - KAIMAN","isPartOf":{"@id":"https:\/\/kaiman-mode.de\/unsere-modewelt\/#website"},"primaryImageOfPage":{"@id":"https:\/\/kaiman-mode.de\/unsere-modewelt\/ueber-uns\/#primaryimage"},"image":{"@id":"https:\/\/kaiman-mode.de\/unsere-modewelt\/ueber-uns\/#primaryimage"},"thumbnailUrl":"https:\/\/kaiman-mode.de\/wp-content\/uploads\/2019\/02\/Logo-KAIMAN_mit-Hintergrund-mit-Schriftzug-kleiner.png","datePublished":"2019-01-31T10:43:39+00:00","dateModified":"2025-10-13T16:13:47+00:00","breadcrumb":{"@id":"https:\/\/kaiman-mode.de\/unsere-modewelt\/ueber-uns\/#breadcrumb"},"inLanguage":"de","potentialAction":[{"@type":"ReadAction","target":["https:\/\/kaiman-mode.de\/unsere-modewelt\/ueber-uns\/"]}]},{"@type":"ImageObject","inLanguage":"de","@id":"https:\/\/kaiman-mode.de\/unsere-modewelt\/ueber-uns\/#primaryimage","url":"https:\/\/kaiman-mode.de\/wp-content\/uploads\/2019\/02\/Logo-KAIMAN_mit-Hintergrund-mit-Schriftzug-kleiner.png","contentUrl":"https:\/\/kaiman-mode.de\/wp-content\/uploads\/2019\/02\/Logo-KAIMAN_mit-Hintergrund-mit-Schriftzug-kleiner.png"},{"@type":"BreadcrumbList","@id":"https:\/\/kaiman-mode.de\/unsere-modewelt\/ueber-uns\/#breadcrumb","itemListElement":[{"@type":"ListItem","position":1,"name":"Startseite","item":"https:\/\/kaiman-mode.de\/unsere-modewelt\/"},{"@type":"ListItem","position":2,"name":"\u00dcber uns"}]},{"@type":"WebSite","@id":"https:\/\/kaiman-mode.de\/unsere-modewelt\/#website","url":"https:\/\/kaiman-mode.de\/unsere-modewelt\/","name":"KAIMAN","description":"Entdecken Sie unsere Modewelt!","potentialAction":[{"@type":"SearchAction","target":{"@type":"EntryPoint","urlTemplate":"https:\/\/kaiman-mode.de\/unsere-modewelt\/?s={search_term_string}"},"query-input":{"@type":"PropertyValueSpecification","valueRequired":true,"valueName":"search_term_string"}}],"inLanguage":"de"}]}},"_links":{"self":[{"href":"https:\/\/kaiman-mode.de\/unsere-modewelt\/wp-json\/wp\/v2\/pages\/36","targetHints":{"allow":["GET"]}}],"collection":[{"href":"https:\/\/kaiman-mode.de\/unsere-modewelt\/wp-json\/wp\/v2\/pages"}],"about":[{"href":"https:\/\/kaiman-mode.de\/unsere-modewelt\/wp-json\/wp\/v2\/types\/page"}],"author":[{"embeddable":true,"href":"https:\/\/kaiman-mode.de\/unsere-modewelt\/wp-json\/wp\/v2\/users\/1"}],"replies":[{"embeddable":true,"href":"https:\/\/kaiman-mode.de\/unsere-modewelt\/wp-json\/wp\/v2\/comments?post=36"}],"version-history":[{"count":120,"href":"https:\/\/kaiman-mode.de\/unsere-modewelt\/wp-json\/wp\/v2\/pages\/36\/revisions"}],"predecessor-version":[{"id":2589,"href":"https:\/\/kaiman-mode.de\/unsere-modewelt\/wp-json\/wp\/v2\/pages\/36\/revisions\/2589"}],"wp:attachment":[{"href":"https:\/\/kaiman-mode.de\/unsere-modewelt\/wp-json\/wp\/v2\/media?parent=36"}],"curies":[{"name":"wp","href":"https:\/\/api.w.org\/{rel}","templated":true}]}}