{"id":1771,"date":"2020-12-21T10:36:55","date_gmt":"2020-12-21T10:36:55","guid":{"rendered":"https:\/\/kaiman-mode.de\/unsere-modewelt\/?page_id=1771"},"modified":"2020-12-21T10:53:02","modified_gmt":"2020-12-21T10:53:02","slug":"widerrufsbelehrung","status":"publish","type":"page","link":"https:\/\/kaiman-mode.de\/unsere-modewelt\/widerrufsbelehrung\/","title":{"rendered":"Widerrufsbelehrung"},"content":{"rendered":"\t\t<div data-elementor-type=\"wp-post\" data-elementor-id=\"1771\" class=\"elementor elementor-1771\">\n\t\t\t\t\t\t<section class=\"elementor-section elementor-top-section elementor-element elementor-element-06c0d84 elementor-section-stretched elementor-section-boxed elementor-section-height-default elementor-section-height-default\" data-id=\"06c0d84\" data-element_type=\"section\" data-e-type=\"section\" data-settings=\"{&quot;stretch_section&quot;:&quot;section-stretched&quot;}\">\n\t\t\t\t\t\t<div class=\"elementor-container elementor-column-gap-wider\">\n\t\t\t\t\t<div class=\"elementor-column elementor-col-100 elementor-top-column elementor-element elementor-element-2f49730\" data-id=\"2f49730\" data-element_type=\"column\" data-e-type=\"column\">\n\t\t\t<div class=\"elementor-widget-wrap elementor-element-populated\">\n\t\t\t\t\t\t<div class=\"elementor-element elementor-element-9d77096 elementor-widget elementor-widget-text-editor\" data-id=\"9d77096\" data-element_type=\"widget\" data-e-type=\"widget\" data-widget_type=\"text-editor.default\">\n\t\t\t\t<div class=\"elementor-widget-container\">\n\t\t\t\t\t\t\t\t\t<p><strong>R\u00dcCKSENDUNG<\/strong><\/p><p><strong>\u00a0<\/strong><\/p><p><strong>WIDERRUFSBELEHRUNG<\/strong><\/p><p><strong>Widerrufsrecht<\/strong><br \/><br \/><\/p><p>Sie haben das Recht, binnen vierzehn Tagen ohne Angabe von Gr\u00fcnden diesen Vertrag zu widerrufen.<\/p><p>Die Widerrufsfrist betr\u00e4gt vierzehn Tage ab dem Tag, an dem Sie oder ein von Ihnen benannter Dritter, der nicht der Bef\u00f6rderer ist, die letzte Ware in Besitz genommen haben bzw. hat.<\/p><p>Um Ihr Widerrufsrecht auszu\u00fcben, m\u00fcssen Sie uns<\/p><p>(KAIMAN (Inhaberin Andrea Srowig), Ostertorstra\u00dfe 38\/39, 28195 Bremen, Deutschland,\u00a0<a href=\"mailto:info@kaiman-mode.de\">info@kaiman-mode.de<\/a>, Telefon: 0421 32 18 18)<\/p><p>mittels einer eindeutigen Erkl\u00e4rung (z. B. ein mit der Post versandter Brief, oder E-Mail) \u00fcber Ihren Entschluss, diesen Vertrag zu widerrufen, informieren.<\/p><p>Sie k\u00f6nnen daf\u00fcr das beigef\u00fcgte Muster-Widerrufsformular verwenden, das jedoch nicht vorgeschrieben ist.<\/p><p>Zur Wahrung der Widerrufsfrist reicht es aus, dass Sie die Mitteilung \u00fcber die Aus\u00fcbung des Widerrufsrechts vor Ablauf der Widerrufsfrist absenden.<\/p><p><strong>BITTE BEACHTEN SIE, DASS DAS WIDERRUFSRECHT NICHT F\u00dcR PERSONALISIERTE ARTIKEL GILT. PERSONALISIERTE KLeidungsst\u00fccke SIND VOM UMTAUSCH UND R\u00dcCKGABE AUSGESCHLOSSEN.<\/strong><\/p><p><strong>Folgen des Widerrufs<\/strong><br \/><br \/><\/p><p>Wenn Sie diesen Vertrag widerrufen, haben wir Ihnen alle Zahlungen, die wir von Ihnen erhalten haben (ohne Versandkosten) unverz\u00fcglich und sp\u00e4testens binnen vierzehn Tagen ab dem Tag zur\u00fcckzuzahlen, an dem die Mitteilung \u00fcber Ihren Widerruf dieses Vertrags bei uns eingegangen ist. F\u00fcr diese R\u00fcckzahlung verwenden wir dasselbe Zahlungsmittel, das Sie bei der urspr\u00fcnglichen Transaktion eingesetzt haben, es sei denn, mit Ihnen wurde ausdr\u00fccklich etwas anderes vereinbart; in keinem Fall werden Ihnen wegen dieser R\u00fcckzahlung Entgelte berechnet. Wir k\u00f6nnen die R\u00fcckzahlung verweigern, bis wir die Waren wieder zur\u00fcckerhalten haben oder bis Sie den Nachweis erbracht haben, dass Sie die Waren zur\u00fcckgesandt haben, je nachdem, welches der fr\u00fchere Zeitpunkt ist.<\/p><p>Sie haben die Waren unverz\u00fcglich und in jedem Fall sp\u00e4testens binnen vierzehn Tagen ab dem Tag, an dem Sie uns \u00fcber den Widerruf dieses Vertrags unterrichten, an KAIMAN (Inhaberin Andrea Srowig), Ostertorstra\u00dfe 38\/39, 28195 Bremen, Deutschland, zur\u00fcckzusenden oder zu \u00fcbergeben. Die Frist ist gewahrt, wenn Sie die Waren vor Ablauf der Frist von vierzehn Tagen absenden.<\/p><p><strong>Die kosten f\u00fcr die R\u00fccksendung der Ware tr\u00e4gt der Besteller\/K\u00e4ufer bzw. Verbraucher.<\/strong><\/p><p><strong>R\u00fccksendungen senden Sie bitte nur an folgende Adresse:<\/strong><\/p><p>KAIMAN<br \/>Inh. Andrea Srowig<br \/>Ostertorstra\u00dfe 38\/39<br \/>28195 Bremen<\/p><p>Sie m\u00fcssen f\u00fcr einen etwaigen Wertverlust der Waren nur aufkommen, wenn dieser Wertverlust auf einen zur Pr\u00fcfung der Beschaffenheit, Eigenschaften und Funktionsweise der Waren nicht notwendigen Umgang mit ihnen zur\u00fcckzuf\u00fchren ist. Sobald wir Ihre Retoure erhalten haben, wird Ihnen der Betrag gutgeschrieben. F\u00fcr die Gutschrift verwenden wir das gleiche Zahlungsmittel, das Sie bei der Bestellung gew\u00e4hlt haben.<\/p><p><strong>\u00a0<\/strong><\/p>\t\t\t\t\t\t\t\t<\/div>\n\t\t\t\t<\/div>\n\t\t\t\t<div class=\"elementor-element elementor-element-89141cd elementor-widget elementor-widget-text-editor\" data-id=\"89141cd\" data-element_type=\"widget\" data-e-type=\"widget\" data-widget_type=\"text-editor.default\">\n\t\t\t\t<div class=\"elementor-widget-container\">\n\t\t\t\t\t\t\t\t\t<p><strong>Muster-Widerrufsformular<\/strong><br \/><br \/><\/p><p><em>(Wenn Sie den Vertrag widerrufen wollen, dann f\u00fcllen Sie bitte dieses Formular aus und senden Sie es zur\u00fcck.)<\/em><\/p><p>\u2013 An KAIMAN (Inh. Andrea Srowig), Ostertorstra\u00dfe 38\/39, 28195 Bremen,\u00a0info@kaiman-mode.de, Deutschland,<\/p><p>\u2013 Hiermit widerrufe(n) ich\/wir (*) den von mir\/uns (*) abgeschlossenen Vertrag \u00fcber den Kauf der folgenden Waren (*)\/die Erbringung der folgenden Dienstleistung (*)<\/p><p>\u2013 Bestellt am (*)\/erhalten am (*)<\/p><p>\u2013 Name des\/der Verbraucher(s)<\/p><p>\u2013 Anschrift des\/der Verbraucher(s)<\/p><p>\u2013 Unterschrift des\/der Verbraucher(s) (nur bei Mitteilung auf Papier)<\/p><p>\u2013 Datum<\/p><p><em>(*) Unzutreffendes streichen.<\/em><\/p><p><strong>\u00a0<\/strong><\/p><p>\u00a0<\/p><p>\u00a0<\/p>\t\t\t\t\t\t\t\t<\/div>\n\t\t\t\t<\/div>\n\t\t\t\t\t<\/div>\n\t\t<\/div>\n\t\t\t\t\t<\/div>\n\t\t<\/section>\n\t\t\t\t<section class=\"elementor-section elementor-top-section elementor-element elementor-element-888f23e elementor-section-boxed elementor-section-height-default elementor-section-height-default\" data-id=\"888f23e\" data-element_type=\"section\" data-e-type=\"section\">\n\t\t\t\t\t\t<div class=\"elementor-container elementor-column-gap-wider\">\n\t\t\t\t\t<div class=\"elementor-column elementor-col-100 elementor-top-column elementor-element elementor-element-fdfea1a\" data-id=\"fdfea1a\" data-element_type=\"column\" data-e-type=\"column\">\n\t\t\t<div class=\"elementor-widget-wrap\">\n\t\t\t\t\t\t\t<\/div>\n\t\t<\/div>\n\t\t\t\t\t<\/div>\n\t\t<\/section>\n\t\t\t\t<\/div>\n\t\t","protected":false},"excerpt":{"rendered":"<p>R\u00dcCKSENDUNG \u00a0 WIDERRUFSBELEHRUNG Widerrufsrecht Sie haben das Recht, binnen vierzehn Tagen ohne Angabe von Gr\u00fcnden diesen Vertrag zu widerrufen. Die Widerrufsfrist betr\u00e4gt vierzehn Tage ab dem Tag, an dem Sie oder ein von Ihnen benannter Dritter, der nicht der Bef\u00f6rderer ist, die letzte Ware in Besitz genommen haben bzw. hat. Um Ihr Widerrufsrecht auszu\u00fcben, m\u00fcssen [&hellip;]<\/p>\n","protected":false},"author":1,"featured_media":0,"parent":0,"menu_order":0,"comment_status":"closed","ping_status":"closed","template":"","meta":{"footnotes":""},"class_list":["post-1771","page","type-page","status-publish","hentry","post"],"yoast_head":"<!-- This site is optimized with the Yoast SEO plugin v27.3 - https:\/\/yoast.com\/product\/yoast-seo-wordpress\/ -->\n<title>Widerrufsbelehrung - KAIMAN<\/title>\n<meta name=\"robots\" content=\"index, follow, max-snippet:-1, max-image-preview:large, max-video-preview:-1\" \/>\n<link rel=\"canonical\" href=\"https:\/\/kaiman-mode.de\/unsere-modewelt\/widerrufsbelehrung\/\" \/>\n<meta property=\"og:locale\" content=\"de_DE\" \/>\n<meta property=\"og:type\" content=\"article\" \/>\n<meta property=\"og:title\" content=\"Widerrufsbelehrung - KAIMAN\" \/>\n<meta property=\"og:description\" content=\"R\u00dcCKSENDUNG \u00a0 WIDERRUFSBELEHRUNG Widerrufsrecht Sie haben das Recht, binnen vierzehn Tagen ohne Angabe von Gr\u00fcnden diesen Vertrag zu widerrufen. Die Widerrufsfrist betr\u00e4gt vierzehn Tage ab dem Tag, an dem Sie oder ein von Ihnen benannter Dritter, der nicht der Bef\u00f6rderer ist, die letzte Ware in Besitz genommen haben bzw. hat. Um Ihr Widerrufsrecht auszu\u00fcben, m\u00fcssen [&hellip;]\" \/>\n<meta property=\"og:url\" content=\"https:\/\/kaiman-mode.de\/unsere-modewelt\/widerrufsbelehrung\/\" \/>\n<meta property=\"og:site_name\" content=\"KAIMAN\" \/>\n<meta property=\"article:modified_time\" content=\"2020-12-21T10:53:02+00:00\" \/>\n<meta name=\"twitter:card\" content=\"summary_large_image\" \/>\n<meta name=\"twitter:label1\" content=\"Gesch\u00e4tzte Lesezeit\" \/>\n\t<meta name=\"twitter:data1\" content=\"3\u00a0Minuten\" \/>\n<script type=\"application\/ld+json\" class=\"yoast-schema-graph\">{\"@context\":\"https:\\\/\\\/schema.org\",\"@graph\":[{\"@type\":\"WebPage\",\"@id\":\"https:\\\/\\\/kaiman-mode.de\\\/unsere-modewelt\\\/widerrufsbelehrung\\\/\",\"url\":\"https:\\\/\\\/kaiman-mode.de\\\/unsere-modewelt\\\/widerrufsbelehrung\\\/\",\"name\":\"Widerrufsbelehrung - KAIMAN\",\"isPartOf\":{\"@id\":\"https:\\\/\\\/kaiman-mode.de\\\/unsere-modewelt\\\/#website\"},\"datePublished\":\"2020-12-21T10:36:55+00:00\",\"dateModified\":\"2020-12-21T10:53:02+00:00\",\"breadcrumb\":{\"@id\":\"https:\\\/\\\/kaiman-mode.de\\\/unsere-modewelt\\\/widerrufsbelehrung\\\/#breadcrumb\"},\"inLanguage\":\"de\",\"potentialAction\":[{\"@type\":\"ReadAction\",\"target\":[\"https:\\\/\\\/kaiman-mode.de\\\/unsere-modewelt\\\/widerrufsbelehrung\\\/\"]}]},{\"@type\":\"BreadcrumbList\",\"@id\":\"https:\\\/\\\/kaiman-mode.de\\\/unsere-modewelt\\\/widerrufsbelehrung\\\/#breadcrumb\",\"itemListElement\":[{\"@type\":\"ListItem\",\"position\":1,\"name\":\"Startseite\",\"item\":\"https:\\\/\\\/kaiman-mode.de\\\/unsere-modewelt\\\/\"},{\"@type\":\"ListItem\",\"position\":2,\"name\":\"Widerrufsbelehrung\"}]},{\"@type\":\"WebSite\",\"@id\":\"https:\\\/\\\/kaiman-mode.de\\\/unsere-modewelt\\\/#website\",\"url\":\"https:\\\/\\\/kaiman-mode.de\\\/unsere-modewelt\\\/\",\"name\":\"KAIMAN\",\"description\":\"Entdecken Sie unsere Modewelt!\",\"potentialAction\":[{\"@type\":\"SearchAction\",\"target\":{\"@type\":\"EntryPoint\",\"urlTemplate\":\"https:\\\/\\\/kaiman-mode.de\\\/unsere-modewelt\\\/?s={search_term_string}\"},\"query-input\":{\"@type\":\"PropertyValueSpecification\",\"valueRequired\":true,\"valueName\":\"search_term_string\"}}],\"inLanguage\":\"de\"}]}<\/script>\n<!-- \/ Yoast SEO plugin. -->","yoast_head_json":{"title":"Widerrufsbelehrung - KAIMAN","robots":{"index":"index","follow":"follow","max-snippet":"max-snippet:-1","max-image-preview":"max-image-preview:large","max-video-preview":"max-video-preview:-1"},"canonical":"https:\/\/kaiman-mode.de\/unsere-modewelt\/widerrufsbelehrung\/","og_locale":"de_DE","og_type":"article","og_title":"Widerrufsbelehrung - KAIMAN","og_description":"R\u00dcCKSENDUNG \u00a0 WIDERRUFSBELEHRUNG Widerrufsrecht Sie haben das Recht, binnen vierzehn Tagen ohne Angabe von Gr\u00fcnden diesen Vertrag zu widerrufen. Die Widerrufsfrist betr\u00e4gt vierzehn Tage ab dem Tag, an dem Sie oder ein von Ihnen benannter Dritter, der nicht der Bef\u00f6rderer ist, die letzte Ware in Besitz genommen haben bzw. hat. Um Ihr Widerrufsrecht auszu\u00fcben, m\u00fcssen [&hellip;]","og_url":"https:\/\/kaiman-mode.de\/unsere-modewelt\/widerrufsbelehrung\/","og_site_name":"KAIMAN","article_modified_time":"2020-12-21T10:53:02+00:00","twitter_card":"summary_large_image","twitter_misc":{"Gesch\u00e4tzte Lesezeit":"3\u00a0Minuten"},"schema":{"@context":"https:\/\/schema.org","@graph":[{"@type":"WebPage","@id":"https:\/\/kaiman-mode.de\/unsere-modewelt\/widerrufsbelehrung\/","url":"https:\/\/kaiman-mode.de\/unsere-modewelt\/widerrufsbelehrung\/","name":"Widerrufsbelehrung - KAIMAN","isPartOf":{"@id":"https:\/\/kaiman-mode.de\/unsere-modewelt\/#website"},"datePublished":"2020-12-21T10:36:55+00:00","dateModified":"2020-12-21T10:53:02+00:00","breadcrumb":{"@id":"https:\/\/kaiman-mode.de\/unsere-modewelt\/widerrufsbelehrung\/#breadcrumb"},"inLanguage":"de","potentialAction":[{"@type":"ReadAction","target":["https:\/\/kaiman-mode.de\/unsere-modewelt\/widerrufsbelehrung\/"]}]},{"@type":"BreadcrumbList","@id":"https:\/\/kaiman-mode.de\/unsere-modewelt\/widerrufsbelehrung\/#breadcrumb","itemListElement":[{"@type":"ListItem","position":1,"name":"Startseite","item":"https:\/\/kaiman-mode.de\/unsere-modewelt\/"},{"@type":"ListItem","position":2,"name":"Widerrufsbelehrung"}]},{"@type":"WebSite","@id":"https:\/\/kaiman-mode.de\/unsere-modewelt\/#website","url":"https:\/\/kaiman-mode.de\/unsere-modewelt\/","name":"KAIMAN","description":"Entdecken Sie unsere Modewelt!","potentialAction":[{"@type":"SearchAction","target":{"@type":"EntryPoint","urlTemplate":"https:\/\/kaiman-mode.de\/unsere-modewelt\/?s={search_term_string}"},"query-input":{"@type":"PropertyValueSpecification","valueRequired":true,"valueName":"search_term_string"}}],"inLanguage":"de"}]}},"_links":{"self":[{"href":"https:\/\/kaiman-mode.de\/unsere-modewelt\/wp-json\/wp\/v2\/pages\/1771","targetHints":{"allow":["GET"]}}],"collection":[{"href":"https:\/\/kaiman-mode.de\/unsere-modewelt\/wp-json\/wp\/v2\/pages"}],"about":[{"href":"https:\/\/kaiman-mode.de\/unsere-modewelt\/wp-json\/wp\/v2\/types\/page"}],"author":[{"embeddable":true,"href":"https:\/\/kaiman-mode.de\/unsere-modewelt\/wp-json\/wp\/v2\/users\/1"}],"replies":[{"embeddable":true,"href":"https:\/\/kaiman-mode.de\/unsere-modewelt\/wp-json\/wp\/v2\/comments?post=1771"}],"version-history":[{"count":7,"href":"https:\/\/kaiman-mode.de\/unsere-modewelt\/wp-json\/wp\/v2\/pages\/1771\/revisions"}],"predecessor-version":[{"id":1778,"href":"https:\/\/kaiman-mode.de\/unsere-modewelt\/wp-json\/wp\/v2\/pages\/1771\/revisions\/1778"}],"wp:attachment":[{"href":"https:\/\/kaiman-mode.de\/unsere-modewelt\/wp-json\/wp\/v2\/media?parent=1771"}],"curies":[{"name":"wp","href":"https:\/\/api.w.org\/{rel}","templated":true}]}}