{"id":1766,"date":"2020-12-21T10:30:11","date_gmt":"2020-12-21T10:30:11","guid":{"rendered":"https:\/\/kaiman-mode.de\/unsere-modewelt\/?page_id=1766"},"modified":"2021-01-07T17:57:09","modified_gmt":"2021-01-07T17:57:09","slug":"versandkosten","status":"publish","type":"page","link":"https:\/\/kaiman-mode.de\/unsere-modewelt\/versandkosten\/","title":{"rendered":"Versandkosten"},"content":{"rendered":"\t\t<div data-elementor-type=\"wp-post\" data-elementor-id=\"1766\" class=\"elementor elementor-1766\">\n\t\t\t\t\t\t<section class=\"elementor-section elementor-top-section elementor-element elementor-element-06c0d84 elementor-section-stretched elementor-section-boxed elementor-section-height-default elementor-section-height-default\" data-id=\"06c0d84\" data-element_type=\"section\" data-e-type=\"section\" data-settings=\"{&quot;stretch_section&quot;:&quot;section-stretched&quot;}\">\n\t\t\t\t\t\t<div class=\"elementor-container elementor-column-gap-wider\">\n\t\t\t\t\t<div class=\"elementor-column elementor-col-100 elementor-top-column elementor-element elementor-element-2f49730\" data-id=\"2f49730\" data-element_type=\"column\" data-e-type=\"column\">\n\t\t\t<div class=\"elementor-widget-wrap elementor-element-populated\">\n\t\t\t\t\t\t<div class=\"elementor-element elementor-element-9d77096 elementor-widget elementor-widget-text-editor\" data-id=\"9d77096\" data-element_type=\"widget\" data-e-type=\"widget\" data-widget_type=\"text-editor.default\">\n\t\t\t\t<div class=\"elementor-widget-container\">\n\t\t\t\t\t\t\t\t\t<p>LIEFERUNG<\/p><p>Grunds\u00e4tzlich gilt auch an dieser Stelle die Gesetzliche Widerrufsbelehrung. Die unten genannten Regelungen stellen keine zwingende Voraussetzung zur wirksamen Aus\u00fcbung des Widerrufsrechts dar.<\/p><p><strong>Lieferung<\/strong>\u00a0KAIMAN liefert die Waren innerhalb Deutschlands.<\/p><p>Die gew\u00f6hnliche Lieferzeit betr\u00e4gt <strong>4 (vier) &#8211; 14 (vierzehn)<\/strong> Werktage.<\/p><p>Alle Lieferungen sind gegen Diebstahl und Unfallsch\u00e4den versichert. Der Versicherungsschutz erlischt, sobald die Ware von Ihnen in Empfang genommen und schriftlich best\u00e4tigt wird.<\/p><p><strong>\u00a0<\/strong><\/p><p><strong>Rechnungsadresse<\/strong>\u00a0Sie werden von KAIMAN \u00fcber die Rechnungsadresse als Kundin \/ Kunden identifiziert. Aus diesem Grund ist es wichtig, dass Sie uns immer Ihre pers\u00f6nliche Adresse mitteilen.<\/p><p><strong>\u00a0<\/strong><\/p><p><strong>Lieferadresse<\/strong>\u00a0Sie haben die M\u00f6glichkeit, eine andere Adresse anzugeben, an die Sie sich Ware liefern lassen. Dazu geben Sie bitte die ver\u00e4nderte Anschrift im entsprechenden Feld ein. Diese ver\u00e4nderte Adresse wird nur f\u00fcr die Anlieferung und nicht f\u00fcr Marketingszwecke verwendet.<\/p><p>Innerhalb von Deutschland besteht die M\u00f6glichkeit, sich Bestellungen an eine DHL Packstation liefern zu lassen. N\u00e4here Informationen zu diesem Thema finden Sie unter:\u00a0<u><a href=\"http:\/\/www.dhl.de\/\">http:\/\/www.dhl.de<\/a><\/u>.<\/p><p><strong>Bitte beachten Sie die abweichende Lieferzeit f\u00fcr personalisierte Kleidungsst\u00fccke:<\/strong><\/p><p>\u00a0<\/p><p>Die Lieferzeit f\u00fcr personalisierte Kleidungsst\u00fccke betr\u00e4gt bis zu ca. 4-6 Wochen.<\/p><p><strong>VERSANDKOSTEN<\/strong><\/p><p>Die Versandkosten betragen 7,59\u20ac und werden im Bestellvorgang angezeigt.<\/p>\t\t\t\t\t\t\t\t<\/div>\n\t\t\t\t<\/div>\n\t\t\t\t\t<\/div>\n\t\t<\/div>\n\t\t\t\t\t<\/div>\n\t\t<\/section>\n\t\t\t\t<section class=\"elementor-section elementor-top-section elementor-element elementor-element-888f23e elementor-section-boxed elementor-section-height-default elementor-section-height-default\" data-id=\"888f23e\" data-element_type=\"section\" data-e-type=\"section\">\n\t\t\t\t\t\t<div class=\"elementor-container elementor-column-gap-wider\">\n\t\t\t\t\t<div class=\"elementor-column elementor-col-100 elementor-top-column elementor-element elementor-element-fdfea1a\" data-id=\"fdfea1a\" data-element_type=\"column\" data-e-type=\"column\">\n\t\t\t<div class=\"elementor-widget-wrap\">\n\t\t\t\t\t\t\t<\/div>\n\t\t<\/div>\n\t\t\t\t\t<\/div>\n\t\t<\/section>\n\t\t\t\t<\/div>\n\t\t","protected":false},"excerpt":{"rendered":"<p>LIEFERUNG Grunds\u00e4tzlich gilt auch an dieser Stelle die Gesetzliche Widerrufsbelehrung. Die unten genannten Regelungen stellen keine zwingende Voraussetzung zur wirksamen Aus\u00fcbung des Widerrufsrechts dar. Lieferung&nbsp;KAIMAN liefert die Waren innerhalb Deutschlands. Die gew\u00f6hnliche Lieferzeit betr\u00e4gt 4 (vier) &#8211; 14 (vierzehn) Werktage. Alle Lieferungen sind gegen Diebstahl und Unfallsch\u00e4den versichert. Der Versicherungsschutz erlischt, sobald die Ware von [&hellip;]<\/p>\n","protected":false},"author":1,"featured_media":0,"parent":0,"menu_order":0,"comment_status":"closed","ping_status":"closed","template":"","meta":{"footnotes":""},"class_list":["post-1766","page","type-page","status-publish","hentry","post"],"yoast_head":"<!-- This site is optimized with the Yoast SEO plugin v27.3 - https:\/\/yoast.com\/product\/yoast-seo-wordpress\/ -->\n<title>Versandkosten - KAIMAN<\/title>\n<meta name=\"robots\" content=\"index, follow, max-snippet:-1, max-image-preview:large, max-video-preview:-1\" \/>\n<link rel=\"canonical\" href=\"https:\/\/kaiman-mode.de\/unsere-modewelt\/versandkosten\/\" \/>\n<meta property=\"og:locale\" content=\"de_DE\" \/>\n<meta property=\"og:type\" content=\"article\" \/>\n<meta property=\"og:title\" content=\"Versandkosten - KAIMAN\" \/>\n<meta property=\"og:description\" content=\"LIEFERUNG Grunds\u00e4tzlich gilt auch an dieser Stelle die Gesetzliche Widerrufsbelehrung. Die unten genannten Regelungen stellen keine zwingende Voraussetzung zur wirksamen Aus\u00fcbung des Widerrufsrechts dar. Lieferung&nbsp;KAIMAN liefert die Waren innerhalb Deutschlands. Die gew\u00f6hnliche Lieferzeit betr\u00e4gt 4 (vier) &#8211; 14 (vierzehn) Werktage. Alle Lieferungen sind gegen Diebstahl und Unfallsch\u00e4den versichert. Der Versicherungsschutz erlischt, sobald die Ware von [&hellip;]\" \/>\n<meta property=\"og:url\" content=\"https:\/\/kaiman-mode.de\/unsere-modewelt\/versandkosten\/\" \/>\n<meta property=\"og:site_name\" content=\"KAIMAN\" \/>\n<meta property=\"article:modified_time\" content=\"2021-01-07T17:57:09+00:00\" \/>\n<meta name=\"twitter:card\" content=\"summary_large_image\" \/>\n<meta name=\"twitter:label1\" content=\"Gesch\u00e4tzte Lesezeit\" \/>\n\t<meta name=\"twitter:data1\" content=\"1\u00a0Minute\" \/>\n<script type=\"application\/ld+json\" class=\"yoast-schema-graph\">{\"@context\":\"https:\\\/\\\/schema.org\",\"@graph\":[{\"@type\":\"WebPage\",\"@id\":\"https:\\\/\\\/kaiman-mode.de\\\/unsere-modewelt\\\/versandkosten\\\/\",\"url\":\"https:\\\/\\\/kaiman-mode.de\\\/unsere-modewelt\\\/versandkosten\\\/\",\"name\":\"Versandkosten - KAIMAN\",\"isPartOf\":{\"@id\":\"https:\\\/\\\/kaiman-mode.de\\\/unsere-modewelt\\\/#website\"},\"datePublished\":\"2020-12-21T10:30:11+00:00\",\"dateModified\":\"2021-01-07T17:57:09+00:00\",\"breadcrumb\":{\"@id\":\"https:\\\/\\\/kaiman-mode.de\\\/unsere-modewelt\\\/versandkosten\\\/#breadcrumb\"},\"inLanguage\":\"de\",\"potentialAction\":[{\"@type\":\"ReadAction\",\"target\":[\"https:\\\/\\\/kaiman-mode.de\\\/unsere-modewelt\\\/versandkosten\\\/\"]}]},{\"@type\":\"BreadcrumbList\",\"@id\":\"https:\\\/\\\/kaiman-mode.de\\\/unsere-modewelt\\\/versandkosten\\\/#breadcrumb\",\"itemListElement\":[{\"@type\":\"ListItem\",\"position\":1,\"name\":\"Startseite\",\"item\":\"https:\\\/\\\/kaiman-mode.de\\\/unsere-modewelt\\\/\"},{\"@type\":\"ListItem\",\"position\":2,\"name\":\"Versandkosten\"}]},{\"@type\":\"WebSite\",\"@id\":\"https:\\\/\\\/kaiman-mode.de\\\/unsere-modewelt\\\/#website\",\"url\":\"https:\\\/\\\/kaiman-mode.de\\\/unsere-modewelt\\\/\",\"name\":\"KAIMAN\",\"description\":\"Entdecken Sie unsere Modewelt!\",\"potentialAction\":[{\"@type\":\"SearchAction\",\"target\":{\"@type\":\"EntryPoint\",\"urlTemplate\":\"https:\\\/\\\/kaiman-mode.de\\\/unsere-modewelt\\\/?s={search_term_string}\"},\"query-input\":{\"@type\":\"PropertyValueSpecification\",\"valueRequired\":true,\"valueName\":\"search_term_string\"}}],\"inLanguage\":\"de\"}]}<\/script>\n<!-- \/ Yoast SEO plugin. -->","yoast_head_json":{"title":"Versandkosten - KAIMAN","robots":{"index":"index","follow":"follow","max-snippet":"max-snippet:-1","max-image-preview":"max-image-preview:large","max-video-preview":"max-video-preview:-1"},"canonical":"https:\/\/kaiman-mode.de\/unsere-modewelt\/versandkosten\/","og_locale":"de_DE","og_type":"article","og_title":"Versandkosten - KAIMAN","og_description":"LIEFERUNG Grunds\u00e4tzlich gilt auch an dieser Stelle die Gesetzliche Widerrufsbelehrung. Die unten genannten Regelungen stellen keine zwingende Voraussetzung zur wirksamen Aus\u00fcbung des Widerrufsrechts dar. Lieferung&nbsp;KAIMAN liefert die Waren innerhalb Deutschlands. Die gew\u00f6hnliche Lieferzeit betr\u00e4gt 4 (vier) &#8211; 14 (vierzehn) Werktage. Alle Lieferungen sind gegen Diebstahl und Unfallsch\u00e4den versichert. Der Versicherungsschutz erlischt, sobald die Ware von [&hellip;]","og_url":"https:\/\/kaiman-mode.de\/unsere-modewelt\/versandkosten\/","og_site_name":"KAIMAN","article_modified_time":"2021-01-07T17:57:09+00:00","twitter_card":"summary_large_image","twitter_misc":{"Gesch\u00e4tzte Lesezeit":"1\u00a0Minute"},"schema":{"@context":"https:\/\/schema.org","@graph":[{"@type":"WebPage","@id":"https:\/\/kaiman-mode.de\/unsere-modewelt\/versandkosten\/","url":"https:\/\/kaiman-mode.de\/unsere-modewelt\/versandkosten\/","name":"Versandkosten - KAIMAN","isPartOf":{"@id":"https:\/\/kaiman-mode.de\/unsere-modewelt\/#website"},"datePublished":"2020-12-21T10:30:11+00:00","dateModified":"2021-01-07T17:57:09+00:00","breadcrumb":{"@id":"https:\/\/kaiman-mode.de\/unsere-modewelt\/versandkosten\/#breadcrumb"},"inLanguage":"de","potentialAction":[{"@type":"ReadAction","target":["https:\/\/kaiman-mode.de\/unsere-modewelt\/versandkosten\/"]}]},{"@type":"BreadcrumbList","@id":"https:\/\/kaiman-mode.de\/unsere-modewelt\/versandkosten\/#breadcrumb","itemListElement":[{"@type":"ListItem","position":1,"name":"Startseite","item":"https:\/\/kaiman-mode.de\/unsere-modewelt\/"},{"@type":"ListItem","position":2,"name":"Versandkosten"}]},{"@type":"WebSite","@id":"https:\/\/kaiman-mode.de\/unsere-modewelt\/#website","url":"https:\/\/kaiman-mode.de\/unsere-modewelt\/","name":"KAIMAN","description":"Entdecken Sie unsere Modewelt!","potentialAction":[{"@type":"SearchAction","target":{"@type":"EntryPoint","urlTemplate":"https:\/\/kaiman-mode.de\/unsere-modewelt\/?s={search_term_string}"},"query-input":{"@type":"PropertyValueSpecification","valueRequired":true,"valueName":"search_term_string"}}],"inLanguage":"de"}]}},"_links":{"self":[{"href":"https:\/\/kaiman-mode.de\/unsere-modewelt\/wp-json\/wp\/v2\/pages\/1766","targetHints":{"allow":["GET"]}}],"collection":[{"href":"https:\/\/kaiman-mode.de\/unsere-modewelt\/wp-json\/wp\/v2\/pages"}],"about":[{"href":"https:\/\/kaiman-mode.de\/unsere-modewelt\/wp-json\/wp\/v2\/types\/page"}],"author":[{"embeddable":true,"href":"https:\/\/kaiman-mode.de\/unsere-modewelt\/wp-json\/wp\/v2\/users\/1"}],"replies":[{"embeddable":true,"href":"https:\/\/kaiman-mode.de\/unsere-modewelt\/wp-json\/wp\/v2\/comments?post=1766"}],"version-history":[{"count":16,"href":"https:\/\/kaiman-mode.de\/unsere-modewelt\/wp-json\/wp\/v2\/pages\/1766\/revisions"}],"predecessor-version":[{"id":2203,"href":"https:\/\/kaiman-mode.de\/unsere-modewelt\/wp-json\/wp\/v2\/pages\/1766\/revisions\/2203"}],"wp:attachment":[{"href":"https:\/\/kaiman-mode.de\/unsere-modewelt\/wp-json\/wp\/v2\/media?parent=1766"}],"curies":[{"name":"wp","href":"https:\/\/api.w.org\/{rel}","templated":true}]}}