{"id":1458,"date":"2020-05-17T06:57:52","date_gmt":"2020-05-17T06:57:52","guid":{"rendered":"https:\/\/kaiman-mode.de\/?page_id=1458"},"modified":"2021-01-07T15:15:53","modified_gmt":"2021-01-07T15:15:53","slug":"agbs","status":"publish","type":"page","link":"https:\/\/kaiman-mode.de\/unsere-modewelt\/agbs\/","title":{"rendered":"AGBs"},"content":{"rendered":"\t\t<div data-elementor-type=\"wp-post\" data-elementor-id=\"1458\" class=\"elementor elementor-1458\">\n\t\t\t\t\t\t<section class=\"elementor-section elementor-top-section elementor-element elementor-element-4a1ca96 elementor-section-full_width elementor-section-content-middle elementor-section-stretched elementor-section-height-default elementor-section-height-default\" data-id=\"4a1ca96\" data-element_type=\"section\" data-e-type=\"section\" data-settings=\"{&quot;stretch_section&quot;:&quot;section-stretched&quot;}\">\n\t\t\t\t\t\t<div class=\"elementor-container elementor-column-gap-wider\">\n\t\t\t\t\t<div class=\"elementor-column elementor-col-100 elementor-top-column elementor-element elementor-element-11ba60d\" data-id=\"11ba60d\" data-element_type=\"column\" data-e-type=\"column\">\n\t\t\t<div class=\"elementor-widget-wrap elementor-element-populated\">\n\t\t\t\t\t\t<div class=\"elementor-element elementor-element-797a5a7 elementor-widget elementor-widget-heading\" data-id=\"797a5a7\" data-element_type=\"widget\" data-e-type=\"widget\" data-widget_type=\"heading.default\">\n\t\t\t\t<div class=\"elementor-widget-container\">\n\t\t\t\t\t<p class=\"elementor-heading-title elementor-size-default\">Allgemeine Gesch\u00e4ftsbedingungen von KAIMAN<\/p>\t\t\t\t<\/div>\n\t\t\t\t<\/div>\n\t\t\t\t\t<\/div>\n\t\t<\/div>\n\t\t\t\t\t<\/div>\n\t\t<\/section>\n\t\t\t\t<section class=\"elementor-section elementor-top-section elementor-element elementor-element-faa28bd elementor-section-stretched elementor-section-boxed elementor-section-height-default elementor-section-height-default\" data-id=\"faa28bd\" data-element_type=\"section\" data-e-type=\"section\" data-settings=\"{&quot;stretch_section&quot;:&quot;section-stretched&quot;}\">\n\t\t\t\t\t\t<div class=\"elementor-container elementor-column-gap-default\">\n\t\t\t\t\t<div class=\"elementor-column elementor-col-100 elementor-top-column elementor-element elementor-element-526ca2c\" data-id=\"526ca2c\" data-element_type=\"column\" data-e-type=\"column\">\n\t\t\t<div class=\"elementor-widget-wrap elementor-element-populated\">\n\t\t\t\t\t\t<div class=\"elementor-element elementor-element-c03efcb elementor-widget elementor-widget-text-editor\" data-id=\"c03efcb\" data-element_type=\"widget\" data-e-type=\"widget\" data-widget_type=\"text-editor.default\">\n\t\t\t\t<div class=\"elementor-widget-container\">\n\t\t\t\t\t\t\t\t\t<p>Allgemeine Gesch\u00e4ftsbedingungen von KAIMAN (Inh. Andrea Srowig)<\/p>\n<p>&nbsp;\u00a7 1 Geltungsbereich<\/p>\n<p>(1)<br>Die vorliegenden Allgemeinen Gesch\u00e4ftsbedingungen (AGB) gelten ausschlie\u00dflich f\u00fcr die Gesch\u00e4ftsbeziehung zwischen KAIMAN (Inh. Andrea Srowig) und dem Besteller von Waren \u00fcber die Online-Verkaufsplattform unter der Internetadresse www.kaiman-mode.de (KAIMAN Online-Shop) sowie deren Online-Unterseiten.<\/p>\n<p><\/p>\n<p>(2)<br>Als Waren im Sinne dieser AGB sind alle Produkte und Leistungen, die im Rahmen einer Online-Bestellung im KAIMAN Online-Shop erworben werden k\u00f6nnen zu verstehen.<\/p>\n<p>(3)<br>Die nachfolgenden Allgemeinen Gesch\u00e4ftsbedingungen gelten nicht f\u00fcr Bestellungen, die au\u00dferhalb des KAIMAN Online-Shops bei KAIMAN get\u00e4tigt werden.<\/p>\n<p>\u00a7 2 Vertragsschluss<\/p>\n<p>(1) <br>Die Vertragssprache und vertragliche Korrespondenz ist in Deutsch.<\/p>\n<p><\/p>\n<p>(2)<br>Bestellen d\u00fcrfen nur vollj\u00e4hrige Personen, die eine Lieferadresse in Deutschland haben oder an das KAIMAN Haus liefern lassen (Click &amp; Collect). Die Abgabe von Waren erfolgt nur in haushalts\u00fcblichen Mengen.<\/p>\n<p>(3)<br>Die im Online-Shop von KAIMAN pr\u00e4sentierten Waren stellen kein bindendes Angebot zum Abschluss eines Kaufvertrages dar.<\/p>\n<p><\/p>\n<p>(4)<br>Ein verbindliches Angebot zum Kauf wird erst durch explizitem Ausdruck des Kaufwunsches durch den Besteller deutlich. Eine Anfrage zu Kaufoptionen stellt somit kein verbindlies Angebot zum Kauf dar.<\/p>\n<p><\/p>\n<p>(4.1)<br>Ein expliziter Kaufwunsch kann durch folgendes Vorgehen ausgedr\u00fcckt werden:<\/p>\n<p>Nach einer Anfrage zu Kaufoptionen eines speziellen Artikels \u00fcbersendet KAIMAN eine E-Mail mit den zur Verf\u00fcgung stehenden Kaufoptionen zu dem angefragten Artikel. Unter Kaufoptionen sind die Zahlungsmethode sowie die Versandm\u00f6glichkeit und die Best\u00e4tigung\/Aufz\u00e4hlung des angefragten Artikels zu verstehen. Sie (als Besteller bzw. potenzielle K\u00e4ufer) werden darauf hingewiesen, dass eine Antwort per E-Mail oder Brief eine zahlungspflichtige Bestellung \u2013 \u201ejetzt zahlungspflichtig kaufen\/bestellen\u201c \u2013 des Artikels bedeutet.<\/p>\n<p><\/p>\n<p>Erst wenn Sie (als Besteller) auf die E-Mail von KAIMAN antworten und die Kaufoption sowie die zahlungspflichtige Bestellung bzw. den zahlungspflichtigen Kauf best\u00e4tigen, wird ein verbindliches Angebot zum Kauf abgegeben.<\/p>\n<p><\/p>\n<p>(4.2)<br>KAIMAN schickt eine Empfangsbest\u00e4tigung, die lediglich best\u00e4tigt, dass Ihre Bestellung bei KAIMAN eingegangen ist. Die Empfangsbest\u00e4tigung stellt keine Annahme Ihres Angebotes dar.&nbsp;<\/p>\n<p><\/p>\n<p>(5)<br>Der Vertrag mit KAIMAN kommt erst dann zustande, wenn KAIMAN Ihnen den Versand der Ware per gesonderter E-Mail best\u00e4tigt. Die Annahmefrist betr\u00e4gt dabei h\u00f6chstens 10 Kalendertage.<\/p>\n<p><\/p>\n<p>(6)<br>Sollte eine Lieferung der von Ihnen bestellten Ware nicht m\u00f6glich sein, etwa weil die entsprechende Ware nicht auf Lager ist, sieht KAIMAN von einer Annahmeerkl\u00e4rung ab. Ein Vertrag kommt in diesem Fall nicht zustande. Wir werden Sie hier\u00fcber unverz\u00fcglich informieren und eine bereits erhaltene Gegenleistung unverz\u00fcglich zur\u00fcckerstatten.<\/p>\n<p><\/p>\n<p>(7)<br>Ihre Bestelldaten werden im Rahmen der gesetzlichen Bestimmungen bei uns gespeichert.<\/p>\n<p>Wir senden Ihnen eine Kopie der gespeicherten Daten Ihrer Bestellung gerne zu.<\/p>\n<p>\u00a7 3 Widerrufsrecht und Kostentragungsvereinbarung<\/p>\n<p>(1)<br>Sofern Sie Verbraucher sind, steht Ihnen bei einem Kauf im KAIMAN Online-Shop das nachfolgende Widerrufsrecht zu.<\/p>\n<p><\/p>\n<p>Bitte beachten Sie, dass f\u00fcr Gesch\u00e4ftsbeziehungen zwischen Unternehmen und KAIMAN andere Zahlungs- und Lieferbedingungen gelten k\u00f6nnen.<\/p>\n<p><\/p>\n<p>Weiterhin ist zu beachten, dass dieses Widerrufsrecht ausschlie\u00dflich f\u00fcr im Online-Shop angebotene zur Verf\u00fcgung stehende Standartgr\u00f6\u00dfen gilt. <u>Bei individueller Anfertigung eines Artikels kommt dieses Widerrufsrecht nicht zur Anwendung. <\/u><\/p>\n<p>&#8211; Widerrufsbelehrung &#8211;<\/p>\n<p>Widerrufsrecht<\/p>\n<p>Sie haben das Recht, binnen vierzehn Tagen ohne Angabe von Gr\u00fcnden diesen Vertrag zu widerrufen. Die Widerrufsfrist betr\u00e4gt vierzehn Tage ab dem Tag, an dem Sie oder ein von Ihnen benannter Dritter, der nicht der Bef\u00f6rderer ist, die letzte Ware in Besitz genommen haben bzw. hat.<\/p>\n<p>Muster-Widerrufsformular<\/p>\n<p>Wenn Sie den Vertrag widerrufen wollen k\u00f6nnen Sie uns mittels einer eindeutigen Erkl\u00e4rung (z. B. ein mit der Post versandter Brief, Fax oder eine E-Mail) \u00fcber Ihren Entschluss, diesen Vertrag zu widerrufen, informieren. Sie k\u00f6nnen den Widerruf selbst formulieren oder das nachfolgende Muster-Widerrufsmuster verwenden.<\/p>\n<p><\/p>\n<p>An:<br>KAIMAN<br>Inh. Andrea Srowig <br>Ostertorstra\u00dfe 38\/39<br>28195 Bremen<br>Tel. 0421 32 18 18<br>E-Mail&nbsp;<a href=\"mailto:info@kaiman-mode.de\">info@kaiman-mode.de<\/a><\/p>\n<p><u>&nbsp;<\/u><\/p>\n<p><\/p>\n<p>&#8211; Hiermit widerrufe(n) ich\/wir (*) den von mir\/uns (*) abgeschlossenen Vertrag \u00fcber den Kauf der folgenden Waren (*)\/die Erbringung der folgenden Dienstleistung (*)<\/p>\n<p>&#8211; Bestellt am (*)\/erhalten am (*)<\/p>\n<p>&#8211; Name des\/der Verbraucher(s)<\/p>\n<p>&#8211; Anschrift des\/der Verbraucher(s)<\/p>\n<p>&#8211; Unterschrift des\/der Verbraucher(s) (nur bei Mitteilung auf Papier)<\/p>\n<p>&#8211; Datum<\/p>\n<p>Zur Wahrung der Widerrufsfrist reicht es aus, dass Sie die Mitteilung \u00fcber die Aus\u00fcbung des Widerrufsrechts vor Ablauf der Widerrufsfrist absenden.<\/p>\n<p>Folgen des Widerrufs<\/p>\n<p>Wenn Sie diesen Vertrag widerrufen, haben wir Ihnen alle Zahlungen, die wir von Ihnen erhalten haben, einschlie\u00dflich der Lieferkosten (mit Ausnahme der zus\u00e4tzlichen Kosten, die sich daraus ergeben, dass Sie eine andere Art der Lieferung als die von uns angebotene, g\u00fcnstigste Standardlieferung gew\u00e4hlt haben), unverz\u00fcglich und sp\u00e4testens binnen vierzehn Tagen ab dem Tag zur\u00fcckzuzahlen, an dem die Mitteilung \u00fcber Ihren Widerruf dieses Vertrags bei uns eingegangen ist. F\u00fcr diese R\u00fcckzahlung verwenden wir dasselbe Zahlungsmittel, das Sie bei der urspr\u00fcnglichen Transaktion eingesetzt haben, es sei denn, mit Ihnen wurde ausdr\u00fccklich etwas anderes vereinbart; in keinem Fall werden Ihnen wegen dieser R\u00fcckzahlung Entgelte berechnet. Wir k\u00f6nnen die R\u00fcckzahlung verweigern, bis wir die Waren wieder zur\u00fcckerhalten haben oder bis Sie den Nachweis erbracht haben, dass Sie die Waren zur\u00fcckgesandt haben, je nachdem, welches der fr\u00fchere Zeitpunkt ist.<\/p>\n<p>Sie haben die Waren unverz\u00fcglich und in jedem Fall sp\u00e4testens binnen vierzehn Tagen ab dem Tag, an dem Sie uns \u00fcber den Widerruf dieses Vertrags unterrichten, an uns zur\u00fcckzusenden oder zu \u00fcbergeben. Die Frist ist gewahrt, wenn Sie die Waren vor Ablauf der Frist von vierzehn Tagen absenden.<br>Sie m\u00fcssen f\u00fcr einen etwaigen Wertverlust der Waren nur aufkommen, wenn dieser Wertverlust auf einen zur Pr\u00fcfung der Beschaffenheit, Eigenschaften und Funktionsweise der Waren nicht notwendigen Umgang mit ihnen zur\u00fcckzuf\u00fchren ist.<\/p>\n<p>Die Kosten f\u00fcr die R\u00fccksendung der Ware tr\u00e4gt der Besteller\/K\u00e4ufer bzw. Verbraucher.<\/p>\n<p>&#8211; Ende der Widerrufsbelehrung &#8211;<\/p>\n<p>(2)<br>Das Widerrufsrecht besteht nicht bei Fernabsatzvertr\u00e4gen<\/p>\n<p>zur Lieferung von Waren, die nach Kundenspezifikationen angefertigt werden oder eindeutig auf die pers\u00f6nlichen Bed\u00fcrfnisse des Bestellers zugeschnitten sind oder die aufgrund ihrer Beschaffenheit nicht f\u00fcr eine R\u00fccksendung geeignet sind.<\/p>\n<p>(3)<br>Wir weisen darauf hin, dass Sie im Falle von Verschlechterungen der Ware ggf. zum Wertersatz verpflichtet sind. Eine etwaige Verpflichtung zum Wertersatz k\u00f6nnen Sie vermeiden, indem Sie alles unterlassen, was den Wert der Ware beeintr\u00e4chtigt und die Sache nicht wie ihr Eigentum in Gebrauch nehmen. Im \u00dcbrigen sollten Sie die Ware nur, wie es Ihnen etwa im Ladengesch\u00e4ft m\u00f6glich gewesen w\u00e4re, anprobieren bzw. pr\u00fcfen.<\/p>\n<p><\/p>\n<p>(4)<br>Bitte beachten Sie, dass es sich bei Produktverpackungen, wie beispielsweise Schutzbeutel f\u00fcr Schuhe, G\u00fcrtel und Taschen sowie hochwertige Schuhkartons, um einen Teil der bestellten Ware handelt. Werden diese Produktverpackungen im Falle einer R\u00fccksendung der Ware nicht mit zur\u00fcckgegeben, kann dies zu einer erheblichen Verschlechterung der Ware f\u00fchren. KAIMAN beh\u00e4lt sich daher in diesen F\u00e4llen vor, die Produktverpackungen herauszuverlangen bzw. Wertersatz geltend zu machen.<\/p>\n<p><\/p>\n<p>(5)<br>Bis zum Ablauf der Frist f\u00fcr das gesetzliche Widerrufsrecht gelten ausschlie\u00dflich die gesetzlichen Bedingungen. Eine Einschr\u00e4nkung Ihres Widerrufsrechtes gem. \u00a7 3 und Ihrer gesetzlichen Gew\u00e4hrleistungsrechte ist mit vorstehenden Regelungen in Abs. 1 \u2013 4 nicht verbunden.<\/p>\n<p>\u00a7 4 Preise \/ Versandkosten<\/p>\n<p>(1)<br>Es gelten die Preise zum Zeitpunkt der Bestellung.<\/p>\n<p><\/p>\n<p>(2)<br>Alle Preise, die im KAIMAN Online-Shop angegeben sind, sind Endverbraucherpreise und beinhalten die gesetzliche Mehrwertsteuer (19% bzw. 7%) und verstehen sich zuz\u00fcglich Versandkosten.<\/p>\n<p><\/p>\n<p>(3)<br>Anfallende Service- und Versandkosten werden bei der Mitteilung der Kaufoptionen angegeben.&nbsp;<\/p>\n<p>\u00a7 5 Zahlungsbedingungen, Zahlungsmittel<\/p>\n<p>(1)<br>Sie k\u00f6nnen per Vorkasse oder per PayPal bezahlen. Der Zeitpunkt der Zahlung\/Belastung variiert in Abh\u00e4ngigkeit des Zahlungsmittels<\/p>\n<ul>\n<li>Zahlung per Vorkasse: Der Besteller\/K\u00e4ufer bezahlt den Artikel vor Versendung des Artikels durch KAIMAN<\/li>\n<li>Zahlung mit PayPal: Die Belastung Ihres PayPal-Kontos erfolgt beim Abschluss der Bestellung.<\/li><li>Zahlung per Lastschriftverfahren: Die Belastung des Kontos erfolgt beim Abschluss der Bestellung.<\/li>\n<\/ul>\n<p>(2)<br>Sofern nichts Abweichendes vereinbart ist, ist die Zahlung des Kaufpreises unmittelbar mit Vertragsschluss f\u00e4llig. Bei Zahlungsverzug ist KAIMAN berechtigt, Verzugszinsen in H\u00f6he von 5 Prozentpunkten \u00fcber dem von der Europ\u00e4ischen Zentralbank bekannt gegebenen Basiszinssatz p. a. zu fordern. Falls KAIMAN ein h\u00f6herer Verzugsschaden nachweisbar entstanden ist, ist KAIMAN berechtigt, diesen geltend zu machen.<\/p>\n<p>\u00a7 6 Eigentumsvorbehalt<\/p>\n<p>Die Ware verbleibt bis zu ihrer vollst\u00e4ndigen Bezahlung im Eigentum von KAIMAN.<\/p>\n<p>\u00a7 7 Lieferung<\/p>\n<p>(1)<br>Der Versand der Ware durch KAIMAN erfolgt ausschlie\u00dflich an Lieferadressen in Deutschland.<\/p>\n<p><\/p>\n<p>(2)<br>Soweit keine abweichenden Lieferfristen (insbesondere bei Auswahl der Express-Funktion) vereinbart sind, betr\u00e4gt die Lieferzeit bis zu f\u00fcnf Werktage ab Bestelleingang, sofern im Bestellprozess nicht k\u00fcrzer angegeben.<\/p>\n<p><\/p>\n<p>(3)<br>Sie k\u00f6nnen sich die Ware auch im KAIMAN Haus abholen. Sie werden per gesonderter E-Mail benachrichtigt, sobald die Ware zur Abholung bereitsteht. Sie haben dann die M\u00f6glichkeit, die Ware innerhalb von zehn Tagen ab Erhalt der Abholbenachrichtigung im KAIMAN Haus abzuholen.<\/p>\n<p>Zur Abholung ben\u00f6tigen Sie einen g\u00fcltigen Lichtbildausweis. Bitte bringen Sie zudem den Abholschein mit, den wir Ihnen in der Abholbenachrichtigung per E-Mail zusenden. Wenn Sie die Ware nicht innerhalb von zehn Tagen abholen, beh\u00e4lt sich KAIMAN vor, vom Vertrag zur\u00fcckzutreten. Eine bereits erhaltene Gegenleistung wird KAIMAN Ihnen schnellstm\u00f6glich zur\u00fcckerstatten.<\/p>\n<p>\u00a7 8 Gew\u00e4hrleistung<\/p>\n<p>KAIMAN haftet f\u00fcr Sach- und Rechtsm\u00e4ngel nach den hierf\u00fcr geltenden gesetzlichen Vorschriften, insbesondere \u00a7\u00a7 434 ff. BGB. Die Verj\u00e4hrungsfrist betr\u00e4gt gem\u00e4\u00df \u00a7438 Abs. 1 Nr. 3 BGB zwei Jahre und beginnt mit der Ablieferung der Ware.<\/p>\n<p>Eine Einschr\u00e4nkung Ihres Widerrufsrechtes gem. \u00a7 3 ist mit vorstehenden Regelungen in Abs. 1 \u2013 4 nicht verbunden.<\/p>\n<p>\u00a7 9 Streitschlichtung<\/p>\n<p>Online-Streitbeilegung gem\u00e4\u00df Art. 14 Abs. 1 ODR-VO: Die Europ\u00e4ische Kommission stellt eine Plattform zur Online-Streitbeilegung (OS) bereit, die Sie unter&nbsp;<u><a href=\"http:\/\/ec.europa.eu\/consumers\/odr\/\">http:\/\/ec.europa.eu\/consumers\/odr\/<\/a><\/u>&nbsp;finden.<\/p>\n<p><em>KAIMAN ist bereit, an Streitbeilegungsverfahren bei einer Verbraucherschlichtungsstelle teilzunehmen.<\/em><\/p>\n<p><i>\u00a7<\/i>10 Urheberrechte<\/p>\n<p>Inhalt und Struktur des KAIMAN Online-Shops sowie der sonstigen von KAIMAN betriebenen Webseiten sind urheberrechtlich gesch\u00fctzt. Alle Texte, Bilder, Grafiken, Ton-, Video- und Animationsdateien unterliegen dem Urheberrecht und anderen Gesetzen zum Schutz geistigen Eigentums. Einige Internet-Seiten enthalten auch Bilder, Grafiken, Ton-, Video- und Animationsdateien, die dem Urheberrecht und den anderen Gesetzen zum Schutz geistigen Eigentums derjenigen unterliegen, die diese zur Verf\u00fcgung gestellt haben. Eine Kopie oder sonstige Nutzung f\u00fcr andere als private Zwecke oder zur Weitergabe, anderweitigen Ver\u00f6ffentlichung, Vervielf\u00e4ltigung und Verbreitung, ob in origin\u00e4rer oder ver\u00e4nderter Form und in jedwedem Medium, oder eine solche Verwendung auf anderen Webseiten ist ohne vorherige ausdr\u00fcckliche schriftliche Zustimmung von KAIMAN nicht zul\u00e4ssig.<\/p>\n<p>\u00a711 Datenschutz<\/p>\n<p>(1) Datenschutz<br>Detaillierte Informationen zum Datenschutz finden Sie in unserer Datenschutzerkl\u00e4rung unter&nbsp;<a href=\"http:\/\/www.kaiman-mode.de\/datenschutz\/\">www.kaiman-mode.de\/datenschutz\/<\/a><\/p>\n<p><\/p>\n<p>(2)<br>Daten \u00fcber die zur\u00fcck geschickten Waren werden von KAIMAN erhoben und gespeichert. Zur Vermeidung \u00fcberm\u00e4\u00dfiger Retouren wertet KAIMAN diese Daten bis zu 12 Monate r\u00fcckw\u00e4rts aus und spricht Kunden mit hohen R\u00fccksendequoten mit dem Ziel einer f\u00fcr beide Seiten zufriedenstellenden L\u00f6sung an.<\/p>\n<p>Sie k\u00f6nnen jederzeit durch Mitteilung an<\/p>\n<p><\/p>\n<p>KAIMAN<\/p>\n<p>Inh. Andrea Srowig<br>Ostertorstra\u00dfe 38\/39<br>28195 Bremen<br><a href=\"mailto:info@kaiman-mode.de\">info@kaiman-mode.de<\/a><br>Tel. 0421 32 18 18 <br>der Nutzung und Verarbeitung Ihrer Daten zu eigenen Werbe- und Marketingzwecken sowie zur eigenen Marktforschung widersprechen sowie gegebenenfalls erteilte Einwilligungen in die Verwendung Ihrer Daten widerrufen.<\/p>\n<p>\u00a7 12 Schlussbestimmung<\/p>\n<p>Es gilt deutsches Recht unter Ausschluss des UN-Kaufrechts (CISG).<\/p>\n<p>Anbieter und Vertragspartner:<\/p>\n<p>KAIMAN <br>Inhaberin Andrea Srowig<\/p>\n<p>Ostertorstra\u00dfe 38\/39<\/p>\n<p>28195 Bremen<\/p>\n<p>Tel. 0421 32 18 18 <br>E-Mail:&nbsp;info@kaiman-mode.de<\/p>\n<p>Sie erreichen uns telefonisch Dienstag bis Freitag von 11.00 bis 18.00 Uhr. Anrufe aus dem deutschen Festnetz zum Ortstarif, Preise aus dem Mobilfunknetz gegebenenfalls abweichend (abh\u00e4ngig vom Provider).<\/p>\n<p>USt-ID: DE 114391155<\/p>\n<p>Stand: 17. Mai 2020<\/p>\n<p><\/p>\t\t\t\t\t\t\t\t<\/div>\n\t\t\t\t<\/div>\n\t\t\t\t<div class=\"elementor-element elementor-element-3476e00 elementor-align-center elementor-widget elementor-widget-button\" data-id=\"3476e00\" data-element_type=\"widget\" data-e-type=\"widget\" data-widget_type=\"button.default\">\n\t\t\t\t<div class=\"elementor-widget-container\">\n\t\t\t\t\t\t\t\t\t<div class=\"elementor-button-wrapper\">\n\t\t\t\t\t<a class=\"elementor-button elementor-button-link elementor-size-lg\" href=\"http:\/\/kaiman-mode.de\/kontakt\/\">\n\t\t\t\t\t\t<span class=\"elementor-button-content-wrapper\">\n\t\t\t\t\t\t\t\t\t<span class=\"elementor-button-text\">KonTakt<\/span>\n\t\t\t\t\t<\/span>\n\t\t\t\t\t<\/a>\n\t\t\t\t<\/div>\n\t\t\t\t\t\t\t\t<\/div>\n\t\t\t\t<\/div>\n\t\t\t\t\t<\/div>\n\t\t<\/div>\n\t\t\t\t\t<\/div>\n\t\t<\/section>\n\t\t\t\t<\/div>\n\t\t","protected":false},"excerpt":{"rendered":"<p>Allgemeine Gesch\u00e4ftsbedingungen von KAIMAN Allgemeine Gesch\u00e4ftsbedingungen von KAIMAN (Inh. Andrea Srowig) &nbsp;\u00a7 1 Geltungsbereich (1)Die vorliegenden Allgemeinen Gesch\u00e4ftsbedingungen (AGB) gelten ausschlie\u00dflich f\u00fcr die Gesch\u00e4ftsbeziehung zwischen KAIMAN (Inh. Andrea Srowig) und dem Besteller von Waren \u00fcber die Online-Verkaufsplattform unter der Internetadresse www.kaiman-mode.de (KAIMAN Online-Shop) sowie deren Online-Unterseiten. (2)Als Waren im Sinne dieser AGB sind alle Produkte [&hellip;]<\/p>\n","protected":false},"author":1,"featured_media":0,"parent":0,"menu_order":0,"comment_status":"closed","ping_status":"closed","template":"","meta":{"footnotes":""},"class_list":["post-1458","page","type-page","status-publish","hentry","post"],"yoast_head":"<!-- This site is optimized with the Yoast SEO plugin v27.3 - https:\/\/yoast.com\/product\/yoast-seo-wordpress\/ -->\n<title>AGBs - KAIMAN<\/title>\n<meta name=\"robots\" content=\"index, follow, max-snippet:-1, max-image-preview:large, max-video-preview:-1\" \/>\n<link rel=\"canonical\" href=\"https:\/\/kaiman-mode.de\/unsere-modewelt\/agbs\/\" \/>\n<meta property=\"og:locale\" content=\"de_DE\" \/>\n<meta property=\"og:type\" content=\"article\" \/>\n<meta property=\"og:title\" content=\"AGBs - KAIMAN\" \/>\n<meta property=\"og:description\" content=\"Allgemeine Gesch\u00e4ftsbedingungen von KAIMAN Allgemeine Gesch\u00e4ftsbedingungen von KAIMAN (Inh. Andrea Srowig) &nbsp;\u00a7 1 Geltungsbereich (1)Die vorliegenden Allgemeinen Gesch\u00e4ftsbedingungen (AGB) gelten ausschlie\u00dflich f\u00fcr die Gesch\u00e4ftsbeziehung zwischen KAIMAN (Inh. Andrea Srowig) und dem Besteller von Waren \u00fcber die Online-Verkaufsplattform unter der Internetadresse www.kaiman-mode.de (KAIMAN Online-Shop) sowie deren Online-Unterseiten. (2)Als Waren im Sinne dieser AGB sind alle Produkte [&hellip;]\" \/>\n<meta property=\"og:url\" content=\"https:\/\/kaiman-mode.de\/unsere-modewelt\/agbs\/\" \/>\n<meta property=\"og:site_name\" content=\"KAIMAN\" \/>\n<meta property=\"article:modified_time\" content=\"2021-01-07T15:15:53+00:00\" \/>\n<meta name=\"twitter:card\" content=\"summary_large_image\" \/>\n<meta name=\"twitter:label1\" content=\"Gesch\u00e4tzte Lesezeit\" \/>\n\t<meta name=\"twitter:data1\" content=\"9\u00a0Minuten\" \/>\n<script type=\"application\/ld+json\" class=\"yoast-schema-graph\">{\"@context\":\"https:\\\/\\\/schema.org\",\"@graph\":[{\"@type\":\"WebPage\",\"@id\":\"https:\\\/\\\/kaiman-mode.de\\\/unsere-modewelt\\\/agbs\\\/\",\"url\":\"https:\\\/\\\/kaiman-mode.de\\\/unsere-modewelt\\\/agbs\\\/\",\"name\":\"AGBs - KAIMAN\",\"isPartOf\":{\"@id\":\"https:\\\/\\\/kaiman-mode.de\\\/unsere-modewelt\\\/#website\"},\"datePublished\":\"2020-05-17T06:57:52+00:00\",\"dateModified\":\"2021-01-07T15:15:53+00:00\",\"breadcrumb\":{\"@id\":\"https:\\\/\\\/kaiman-mode.de\\\/unsere-modewelt\\\/agbs\\\/#breadcrumb\"},\"inLanguage\":\"de\",\"potentialAction\":[{\"@type\":\"ReadAction\",\"target\":[\"https:\\\/\\\/kaiman-mode.de\\\/unsere-modewelt\\\/agbs\\\/\"]}]},{\"@type\":\"BreadcrumbList\",\"@id\":\"https:\\\/\\\/kaiman-mode.de\\\/unsere-modewelt\\\/agbs\\\/#breadcrumb\",\"itemListElement\":[{\"@type\":\"ListItem\",\"position\":1,\"name\":\"Startseite\",\"item\":\"https:\\\/\\\/kaiman-mode.de\\\/unsere-modewelt\\\/\"},{\"@type\":\"ListItem\",\"position\":2,\"name\":\"AGBs\"}]},{\"@type\":\"WebSite\",\"@id\":\"https:\\\/\\\/kaiman-mode.de\\\/unsere-modewelt\\\/#website\",\"url\":\"https:\\\/\\\/kaiman-mode.de\\\/unsere-modewelt\\\/\",\"name\":\"KAIMAN\",\"description\":\"Entdecken Sie unsere Modewelt!\",\"potentialAction\":[{\"@type\":\"SearchAction\",\"target\":{\"@type\":\"EntryPoint\",\"urlTemplate\":\"https:\\\/\\\/kaiman-mode.de\\\/unsere-modewelt\\\/?s={search_term_string}\"},\"query-input\":{\"@type\":\"PropertyValueSpecification\",\"valueRequired\":true,\"valueName\":\"search_term_string\"}}],\"inLanguage\":\"de\"}]}<\/script>\n<!-- \/ Yoast SEO plugin. -->","yoast_head_json":{"title":"AGBs - KAIMAN","robots":{"index":"index","follow":"follow","max-snippet":"max-snippet:-1","max-image-preview":"max-image-preview:large","max-video-preview":"max-video-preview:-1"},"canonical":"https:\/\/kaiman-mode.de\/unsere-modewelt\/agbs\/","og_locale":"de_DE","og_type":"article","og_title":"AGBs - KAIMAN","og_description":"Allgemeine Gesch\u00e4ftsbedingungen von KAIMAN Allgemeine Gesch\u00e4ftsbedingungen von KAIMAN (Inh. Andrea Srowig) &nbsp;\u00a7 1 Geltungsbereich (1)Die vorliegenden Allgemeinen Gesch\u00e4ftsbedingungen (AGB) gelten ausschlie\u00dflich f\u00fcr die Gesch\u00e4ftsbeziehung zwischen KAIMAN (Inh. Andrea Srowig) und dem Besteller von Waren \u00fcber die Online-Verkaufsplattform unter der Internetadresse www.kaiman-mode.de (KAIMAN Online-Shop) sowie deren Online-Unterseiten. (2)Als Waren im Sinne dieser AGB sind alle Produkte [&hellip;]","og_url":"https:\/\/kaiman-mode.de\/unsere-modewelt\/agbs\/","og_site_name":"KAIMAN","article_modified_time":"2021-01-07T15:15:53+00:00","twitter_card":"summary_large_image","twitter_misc":{"Gesch\u00e4tzte Lesezeit":"9\u00a0Minuten"},"schema":{"@context":"https:\/\/schema.org","@graph":[{"@type":"WebPage","@id":"https:\/\/kaiman-mode.de\/unsere-modewelt\/agbs\/","url":"https:\/\/kaiman-mode.de\/unsere-modewelt\/agbs\/","name":"AGBs - KAIMAN","isPartOf":{"@id":"https:\/\/kaiman-mode.de\/unsere-modewelt\/#website"},"datePublished":"2020-05-17T06:57:52+00:00","dateModified":"2021-01-07T15:15:53+00:00","breadcrumb":{"@id":"https:\/\/kaiman-mode.de\/unsere-modewelt\/agbs\/#breadcrumb"},"inLanguage":"de","potentialAction":[{"@type":"ReadAction","target":["https:\/\/kaiman-mode.de\/unsere-modewelt\/agbs\/"]}]},{"@type":"BreadcrumbList","@id":"https:\/\/kaiman-mode.de\/unsere-modewelt\/agbs\/#breadcrumb","itemListElement":[{"@type":"ListItem","position":1,"name":"Startseite","item":"https:\/\/kaiman-mode.de\/unsere-modewelt\/"},{"@type":"ListItem","position":2,"name":"AGBs"}]},{"@type":"WebSite","@id":"https:\/\/kaiman-mode.de\/unsere-modewelt\/#website","url":"https:\/\/kaiman-mode.de\/unsere-modewelt\/","name":"KAIMAN","description":"Entdecken Sie unsere Modewelt!","potentialAction":[{"@type":"SearchAction","target":{"@type":"EntryPoint","urlTemplate":"https:\/\/kaiman-mode.de\/unsere-modewelt\/?s={search_term_string}"},"query-input":{"@type":"PropertyValueSpecification","valueRequired":true,"valueName":"search_term_string"}}],"inLanguage":"de"}]}},"_links":{"self":[{"href":"https:\/\/kaiman-mode.de\/unsere-modewelt\/wp-json\/wp\/v2\/pages\/1458","targetHints":{"allow":["GET"]}}],"collection":[{"href":"https:\/\/kaiman-mode.de\/unsere-modewelt\/wp-json\/wp\/v2\/pages"}],"about":[{"href":"https:\/\/kaiman-mode.de\/unsere-modewelt\/wp-json\/wp\/v2\/types\/page"}],"author":[{"embeddable":true,"href":"https:\/\/kaiman-mode.de\/unsere-modewelt\/wp-json\/wp\/v2\/users\/1"}],"replies":[{"embeddable":true,"href":"https:\/\/kaiman-mode.de\/unsere-modewelt\/wp-json\/wp\/v2\/comments?post=1458"}],"version-history":[{"count":9,"href":"https:\/\/kaiman-mode.de\/unsere-modewelt\/wp-json\/wp\/v2\/pages\/1458\/revisions"}],"predecessor-version":[{"id":2191,"href":"https:\/\/kaiman-mode.de\/unsere-modewelt\/wp-json\/wp\/v2\/pages\/1458\/revisions\/2191"}],"wp:attachment":[{"href":"https:\/\/kaiman-mode.de\/unsere-modewelt\/wp-json\/wp\/v2\/media?parent=1458"}],"curies":[{"name":"wp","href":"https:\/\/api.w.org\/{rel}","templated":true}]}}